{"id":2,"date":"2024-06-21T15:03:07","date_gmt":"2024-06-21T15:03:07","guid":{"rendered":"https:\/\/kartyesim.pl\/?page_id=2"},"modified":"2024-06-27T13:04:24","modified_gmt":"2024-06-27T12:04:24","slug":"sample-page","status":"publish","type":"page","link":"https:\/\/kartyesim.pl\/?page_id=2","title":{"rendered":"Lista urz\u0105dze\u0144 kt\u00f3re obs\u0142uguj\u0105 eSIM"},"content":{"rendered":"\n<p><\/p>\n\n\n\n<p><strong>UWAGA:<\/strong><\/p>\n\n\n\n<p>Je\u015bli Tw\u00f3j telefon jest zablokowany przez operatora, nie mo\u017cesz aktywowa\u0107 kart eSIM.<\/p>\n\n\n\n<p><br>Ze wzgl\u0119du na to, \u017ce ka\u017cdego miesi\u0105ca na rynek trafia wiele nowych telefon\u00f3w, ta lista mo\u017ce by\u0107 niekompletna. <\/p>\n\n\n\n<p>Je\u015bli wiesz, \u017ce Tw\u00f3j telefon obs\u0142uguje eSIM, mo\u017cesz kupi\u0107 go u nas.<\/p>\n\n\n\n<p>Aby sprawdzi\u0107 czy telefon obs\u0142uguje eSIM Wybierz\u00a0<strong>*#06#<\/strong>\u00a0zatwierd\u017a dzwoni\u0105c \u2013 je\u015bli EID istnieje wtedy telefon wspiera eSIM, ewentualnie sprawd\u017a list\u0119 telefon\u00f3w poni\u017cej. <\/p>\n\n\n\n<p><strong>Lista kompatybilnych telefon\u00f3w<\/strong>: <\/p>\n\n\n\n<p><strong>Apple<\/strong><\/p>\n\n\n\n<ul class=\"is-style-checkmark-list wp-block-list\">\n<li>iPhone 15 (wszystkie modele)<\/li>\n\n\n\n<li>iPhone 14 (wszystkie modele)<\/li>\n\n\n\n<li>iPhone 13 (wszystkie modele)<\/li>\n\n\n\n<li>iPhone 12 (wszystkie modele)<\/li>\n\n\n\n<li>iPhone 11<\/li>\n\n\n\n<li>iPhone 11 Pro<\/li>\n\n\n\n<li>iPhone 11 Pro Max<\/li>\n\n\n\n<li>iPhone SE (2. generacja)<\/li>\n\n\n\n<li>iPhone XS<\/li>\n\n\n\n<li>iPhone XS Max<\/li>\n\n\n\n<li>iPhone XR<\/li>\n\n\n\n<li>iPhone SE (2. generacja) 2020<\/li>\n\n\n\n<li>iPhone SE (3. generacja) 2022<\/li>\n\n\n\n<li>iPady  <strong>z \u0142\u0105czno\u015bci\u0105 4G<\/strong> <\/li>\n\n\n\n<li>iPad Pro 11\u2033 (model A2068, od 2020)<\/li>\n\n\n\n<li>iPad Pro 12.9\u2033 (model A2069, od 2020)<\/li>\n\n\n\n<li>iPad Air (model A2123, od 2019)<\/li>\n\n\n\n<li>iPad (model A2198, od 2019)<\/li>\n\n\n\n<li>iPad Mini (model A2124, od 2019)<\/li>\n<\/ul>\n\n\n\n<p><strong>Wyj\u0105tki:<\/strong><\/p>\n\n\n\n<ul class=\"is-style-default wp-block-list\">\n<li>iPhone zakupione na chinski rynek <strong>NIE<\/strong> jest kompatybilny.<\/li>\n\n\n\n<li>iPhone z Hongkongu i Makau (z wyj\u0105tkiem iPhone 13 mini, iPhone 12 mini, iPhone SE 2020 i iPhone XS) <strong>NIE<\/strong> s\u0105 kompatybilne.<\/li>\n<\/ul>\n\n\n\n<p><strong>Google Pixel<\/strong><\/p>\n\n\n\n<ul class=\"is-style-checkmark-list wp-block-list\">\n<li>Google Pixel 8 Pro<\/li>\n\n\n\n<li>Google Pixel 8 \/ 8a<\/li>\n\n\n\n<li>Google Pixel 7 Pro<\/li>\n\n\n\n<li>Google Pixel 7 \/ 7a<\/li>\n\n\n\n<li>Google Pixel 6 Pro<\/li>\n\n\n\n<li>Google Pixel 6 \/ 6a<\/li>\n\n\n\n<li>Google Pixel 5<\/li>\n\n\n\n<li>Google Pixel 4<\/li>\n\n\n\n<li>Google Pixel 4a<\/li>\n\n\n\n<li>Google Pixel 4 XL<\/li>\n\n\n\n<li>Google Pixel 3<\/li>\n\n\n\n<li>Google Pixel 3 XL<\/li>\n\n\n\n<li>Google Pixel 3a<\/li>\n\n\n\n<li>Google Pixel 3a XL<\/li>\n<\/ul>\n\n\n\n<p><strong>Samsung Galaxy<\/strong> <\/p>\n\n\n\n<ul class=\"is-style-checkmark-list wp-block-list\">\n<li>Samsung Galaxy A54 5G<\/li>\n\n\n\n<li>Samsung Galaxy Fold<\/li>\n\n\n\n<li>Samsung Galaxy Note20<\/li>\n\n\n\n<li>Samsung Galaxy Note20 Ultra<\/li>\n\n\n\n<li>Samsung Galaxy S24 \/ 5G<\/li>\n\n\n\n<li>Samsung Galaxy S24+ \/ 5G<\/li>\n\n\n\n<li>Samsung Galaxy S24 Ultra \/ 5G<\/li>\n\n\n\n<li>Samsung Galaxy S23 \/ 5G<\/li>\n\n\n\n<li>Samsung Galaxy S23 FE<\/li>\n\n\n\n<li>Samsung Galaxy S23+ \/ 5G<\/li>\n\n\n\n<li>Samsung Galaxy S23 Ultra \/ 5G<\/li>\n\n\n\n<li>Samsung Galaxy S22 \/ 5G<\/li>\n\n\n\n<li>Samsung Galaxy S22+ \/ 5G<\/li>\n\n\n\n<li>Samsung Galaxy S22 Ultra \/ 5G<\/li>\n\n\n\n<li>Samsung Galaxy S21 \/ 5G<\/li>\n\n\n\n<li>Samsung Galaxy S21+ \/ 5G<\/li>\n\n\n\n<li>Samsung Galaxy S21 Ultra \/ 5G<\/li>\n\n\n\n<li>Samsung Galaxy S20<\/li>\n\n\n\n<li>Samsung Galaxy S20+<\/li>\n\n\n\n<li>Samsung Galaxy S20 Ultra<\/li>\n\n\n\n<li>Samsung Galaxy Z Flip<\/li>\n\n\n\n<li>Samsung Galaxy Z Fold 2<\/li>\n\n\n\n<li>Samsung Galaxy Z Fold 3 5G<\/li>\n\n\n\n<li>Samsung Galaxy Z Flip 3 5G Fold<\/li>\n\n\n\n<li>Samsung Galaxy Z Flip 3 5G<\/li>\n\n\n\n<li>Samsung Galaxy Z Flip 4<\/li>\n\n\n\n<li>Samsung Galaxy Z Fold 4<\/li>\n\n\n\n<li>Samsung Galaxy Z Fold 5<\/li>\n<\/ul>\n\n\n\n<p>Modele Samsung Galaxy \u201eFE\u201d <strong>NIE<\/strong> s\u0105 kompatybilne z wyj\u0105tkiem wyra\u017anie wymienionych.<\/p>\n\n\n\n<p><strong>Huawei<\/strong><\/p>\n\n\n\n<ul class=\"is-style-checkmark-list wp-block-list\">\n<li>Huawei P40<\/li>\n\n\n\n<li>Huawei P40 Pro<\/li>\n\n\n\n<li>Huawei Mate 40 Pro<\/li>\n<\/ul>\n\n\n\n<p><bdo lang=\"pl\" dir=\"ltr\"><strong>Wyj\u0105tki<\/strong><\/bdo><\/p>\n\n\n\n<ul class=\"wp-block-list\">\n<li>Huawei P40 Pro+ i P50 NIE s\u0105 kompatybilne.<\/li>\n\n\n\n<li>Samsung Galaxy S20 FE 4G\/5G NIE s\u0105 kompatybilne.<\/li>\n\n\n\n<li>Samsung S20\/S21 (wersja US) NIE s\u0105 kompatybilne.<\/li>\n\n\n\n<li>Galaxy Z Flip 5G (wersja US) NIE s\u0105 kompatybilne.<\/li>\n\n\n\n<li>Samsung Note 20 Ultra (wersje z US oraz Hong Kong) NIE s\u0105 kompatybilne.<\/li>\n\n\n\n<li>Samsung Galaxy Z Fold 2 (wersje z US oraz Hong Kong) NIE s\u0105 kompatybilne.<\/li>\n<\/ul>\n\n\n\n<p><strong>Motorola Razr<\/strong><\/p>\n\n\n\n<ul class=\"is-style-checkmark-list wp-block-list\">\n<li>Motorola Razr (2019)<\/li>\n\n\n\n<li>Motorola Razr 5G<\/li>\n\n\n\n<li>Motorola Razr 40<\/li>\n\n\n\n<li>Motorola Razr 40 ULTRA<\/li>\n\n\n\n<li>Motorola Razr+<\/li>\n\n\n\n<li>Motorola Edge+<\/li>\n\n\n\n<li>Motorola Edge 40<\/li>\n\n\n\n<li>Motorola Edge 40 Pro<\/li>\n\n\n\n<li>Motorola Edge 40 Neo<\/li>\n\n\n\n<li>Motorola G52J 5G<\/li>\n\n\n\n<li>Motorola G52J 5G \u2161<\/li>\n\n\n\n<li>Motorola G53J 5G<\/li>\n\n\n\n<li>Motorola G84<\/li>\n<\/ul>\n\n\n\n<p><strong>OnePlus<\/strong><\/p>\n\n\n\n<ul class=\"is-style-checkmark-list wp-block-list\">\n<li>OnePlus 12<\/li>\n<\/ul>\n\n\n\n<p><strong>Oppo<\/strong><\/p>\n\n\n\n<ul class=\"is-style-checkmark-list wp-block-list\">\n<li>Oppo Find N2 Flip<\/li>\n\n\n\n<li>Oppo Find X3 Pro<\/li>\n\n\n\n<li>Oppo Find X5<\/li>\n\n\n\n<li>Oppo Find X5 Pro<\/li>\n\n\n\n<li>Oppo Reno 5A<\/li>\n\n\n\n<li>Oppo A55s 5G<\/li>\n\n\n\n<li>Oppo Reno 6 Pro 5G<\/li>\n<\/ul>\n\n\n\n<p><strong><bdo lang=\"pl\" dir=\"ltr\"><strong>Wyj\u0105tki<\/strong><\/bdo><\/strong><\/p>\n\n\n\n<ul class=\"wp-block-list\">\n<li>Oppo Find X5 Lite nie jest kompatybilny.<\/li>\n\n\n\n<li>Oppo Find X5 Pro nie jest kompatybilny.<\/li>\n\n\n\n<li>Oppo A55s 5G nie jest kompatybilny.<\/li>\n<\/ul>\n\n\n\n<p><strong>Nokia<\/strong><\/p>\n\n\n\n<ul class=\"is-style-checkmark-list wp-block-list\">\n<li>Nokia G60 5G<\/li>\n\n\n\n<li>Nokia X30 5G<\/li>\n\n\n\n<li>Nokia XR21<\/li>\n<\/ul>\n\n\n\n<p><strong>Xiaomi<\/strong><\/p>\n\n\n\n<ul class=\"is-style-checkmark-list wp-block-list\">\n<li>Xiaomi 12T Pro<\/li>\n\n\n\n<li>Xiaomi 13<\/li>\n\n\n\n<li>Xiaomi 13 Lite<\/li>\n\n\n\n<li>Xiaomi 13 Pro<\/li>\n\n\n\n<li>Xiaomi 13T<\/li>\n\n\n\n<li>Xiaomi 13T Pro<\/li>\n\n\n\n<li>Xiaomi 14<\/li>\n\n\n\n<li>Xiaomi 14 Pro<\/li>\n\n\n\n<li>Xiaomi Redmi Note 13 Pro<\/li>\n<\/ul>\n\n\n\n<p><strong><bdo lang=\"pl\" dir=\"ltr\"><strong>Wyj\u0105tki<\/strong><\/bdo>:<\/strong><\/p>\n\n\n\n<ul class=\"wp-block-list\">\n<li>Redmi 13C i Xiaomi 14 Ultra NIE s\u0105 kompatybilne. <\/li>\n\n\n\n<li>W przypadku Redmi Note 13 Pro sprawd\u017a, czy w ustawieniach urz\u0105dzenia jest dost\u0119pna funkcja eSIM.<\/li>\n<\/ul>\n\n\n\n<p><strong>Microsoft<\/strong> oraz laptopy<\/p>\n\n\n\n<ul class=\"is-style-checkmark-list wp-block-list\">\n<li>Microsoft Surface Duo<\/li>\n\n\n\n<li>Microsoft Surface Duo 2<\/li>\n\n\n\n<li>Microsoft Surface Pro X<\/li>\n\n\n\n<li>Microsoft Surface Go 2<\/li>\n\n\n\n<li>Microsoft Surface Pro LTE Advanced<\/li>\n\n\n\n<li>Acer Swift 3<\/li>\n\n\n\n<li>Acer Swift 7<\/li>\n\n\n\n<li>Asus Mini Transformer<\/li>\n\n\n\n<li>Asus NovaGo<\/li>\n\n\n\n<li>Asus VivoBook Flip 14<\/li>\n\n\n\n<li>HP Elitebook G5<\/li>\n\n\n\n<li>HP Probook G5<\/li>\n\n\n\n<li>HP Zbook G5<\/li>\n\n\n\n<li>HP Specter Folio 13<\/li>\n\n\n\n<li>Lenovo Yoga C630<\/li>\n\n\n\n<li>Lenovo Miix 630<\/li>\n\n\n\n<li>Lenovo Yoga 520<\/li>\n\n\n\n<li>Samsung Galaxy Book 2<\/li>\n<\/ul>\n\n\n\n<p><strong>Honor<\/strong><\/p>\n\n\n\n<ul class=\"is-style-checkmark-list wp-block-list\">\n<li>Honor Magic 5 Pro<\/li>\n<\/ul>\n\n\n\n<p><strong>INNE<\/strong><\/p>\n\n\n\n<ul class=\"wp-block-list\">\n<li>Telefony DOGEE nie s\u0105 obs\u0142ugiwane.<\/li>\n<\/ul>\n\n\n\n<ul class=\"is-style-checkmark-list wp-block-list\">\n<li>Gemini PDA<\/li>\n\n\n\n<li>Rakuten Mini<\/li>\n\n\n\n<li>Rakuten Big-S<\/li>\n\n\n\n<li>Rakuten Big<\/li>\n\n\n\n<li>Rakuten Hand<\/li>\n\n\n\n<li>Rakuten Hand 5G<\/li>\n\n\n\n<li>Xperia 1 IV<\/li>\n\n\n\n<li>Surface Pro X<\/li>\n\n\n\n<li>Honor Magic 4 Pro<\/li>\n\n\n\n<li>Honor Magic 4 Pro<\/li>\n\n\n\n<li>Honor Magic 5 Pro<\/li>\n\n\n\n<li>Honor 90&nbsp;<\/li>\n\n\n\n<li>Honor X8<\/li>\n\n\n\n<li>Fairphone 4<\/li>\n\n\n\n<li>Sharp AQUOS sense4 lite<\/li>\n\n\n\n<li>Sharp AQUOS Sense6s<\/li>\n\n\n\n<li>AQUOS sense 7<\/li>\n\n\n\n<li>AQUOS sense 7plus<\/li>\n\n\n\n<li>Sharp AQUOS Wish<\/li>\n\n\n\n<li>AQUOS wish 2 SHG08<\/li>\n\n\n\n<li>AQUOS wish3<\/li>\n\n\n\n<li>AQUOS zero 6<\/li>\n\n\n\n<li>Simple Sumaho6<\/li>\n\n\n\n<li>Sharp AQUOS R7<\/li>\n\n\n\n<li>Sharp AQUOS R8<\/li>\n\n\n\n<li>Sharp AQUOS R8 Pro<\/li>\n\n\n\n<li>DOOGEE V30<\/li>\n\n\n\n<li>Fairphone 4<\/li>\n\n\n\n<li>Oneplus Open<\/li>\n\n\n\n<li>OnePLus 11<\/li>\n\n\n\n<li>Oneplus 12<\/li>\n\n\n\n<li>HAMMER Blade 3<\/li>\n\n\n\n<li>HAMMER Explorer PRO<\/li>\n\n\n\n<li>HAMMER Blade 5G<\/li>\n\n\n\n<li>Nokia XR21<\/li>\n\n\n\n<li>Nokia X30<\/li>\n\n\n\n<li>Nokia G60 5G<\/li>\n\n\n\n<li>myPhone NOW eSIM<\/li>\n\n\n\n<li>Vivo X90 Pro<\/li>\n\n\n\n<li>Vivo V29 Lite 5G (eSIM Supported only in Europe)<\/li>\n\n\n\n<li>Oukitel WP30 Pro<\/li>\n<\/ul>\n","protected":false},"excerpt":{"rendered":"<p>UWAGA: Je\u015bli Tw\u00f3j telefon jest zablokowany przez operatora, nie mo\u017cesz aktywowa\u0107 kart eSIM. Ze wzgl\u0119du na to, \u017ce ka\u017cdego miesi\u0105ca na rynek trafia wiele nowych telefon\u00f3w, ta lista mo\u017ce by\u0107 niekompletna. Je\u015bli wiesz, \u017ce Tw\u00f3j telefon obs\u0142uguje eSIM, mo\u017cesz kupi\u0107 go u nas. Aby sprawdzi\u0107 czy telefon obs\u0142uguje eSIM Wybierz\u00a0*#06#\u00a0zatwierd\u017a dzwoni\u0105c \u2013 je\u015bli EID istnieje [&hellip;]<\/p>\n","protected":false},"author":1,"featured_media":0,"parent":0,"menu_order":0,"comment_status":"closed","ping_status":"open","template":"","meta":{"footnotes":""},"class_list":["post-2","page","type-page","status-publish","hentry"],"_links":{"self":[{"href":"https:\/\/kartyesim.pl\/index.php?rest_route=\/wp\/v2\/pages\/2","targetHints":{"allow":["GET"]}}],"collection":[{"href":"https:\/\/kartyesim.pl\/index.php?rest_route=\/wp\/v2\/pages"}],"about":[{"href":"https:\/\/kartyesim.pl\/index.php?rest_route=\/wp\/v2\/types\/page"}],"author":[{"embeddable":true,"href":"https:\/\/kartyesim.pl\/index.php?rest_route=\/wp\/v2\/users\/1"}],"replies":[{"embeddable":true,"href":"https:\/\/kartyesim.pl\/index.php?rest_route=%2Fwp%2Fv2%2Fcomments&post=2"}],"version-history":[{"count":0,"href":"https:\/\/kartyesim.pl\/index.php?rest_route=\/wp\/v2\/pages\/2\/revisions"}],"wp:attachment":[{"href":"https:\/\/kartyesim.pl\/index.php?rest_route=%2Fwp%2Fv2%2Fmedia&parent=2"}],"curies":[{"name":"wp","href":"https:\/\/api.w.org\/{rel}","templated":true}]}}