{"id":3,"date":"2024-06-21T15:03:07","date_gmt":"2024-06-21T15:03:07","guid":{"rendered":"https:\/\/kartyesim.pl\/?page_id=3"},"modified":"2025-01-02T15:53:13","modified_gmt":"2025-01-02T14:53:13","slug":"privacy-policy","status":"publish","type":"page","link":"https:\/\/kartyesim.pl\/?page_id=3","title":{"rendered":"Regulamin sklepu, Zwroty, Polityka prywatno\u015bci, Kontakt"},"content":{"rendered":"\n<p>Witamy na stronie Karty eSim PL. <br><br>Dbamy o ochron\u0119 Twojej prywatno\u015bci i zapewniamy, \u017ce Twoje dane osobowe s\u0105 przetwarzane bezpiecznie i odpowiedzialnie. Na niniejsza stronie opisujemy, w jaki spos\u00f3b zbieramy, wykorzystujemy i chronimy Twoje dane.<br><br><br><strong>Customer Service Contact Details:<\/strong><\/p>\n\n\n\n<ul class=\"wp-block-list\">\n<li><strong>Email:<\/strong> brandfluxgroup@gmail.com<\/li>\n\n\n\n<li>Languages: English, Polish<\/li>\n<\/ul>\n\n\n\n<p><strong>Return Policy and Process:<\/strong><\/p>\n\n\n\n<ul class=\"wp-block-list\">\n<li>Customers can return physical goods within 14 days without giving a reason.<\/li>\n\n\n\n<li>The withdrawal period begins from the day the product is delivered.<\/li>\n\n\n\n<li>To exercise the right of withdrawal, customers can send a notification by email.<\/li>\n\n\n\n<li>The esim card is a digital product there may be limits on returns:<br>If the customer has installed the eSIM card it is not possible to return the sim card as it is considered used,<br>In the case of a eSIM card that was not installed, a fee of 10 PLN per returned eSIM applies as the digital product is considered partially used, unless the issue is due to the Seller (e.g., unsupported country).<\/li>\n\n\n\n<li>Upon withdrawal, the contract is considered void, and the Seller refunds all payments, within 14 days using the same payment method unless agreed otherwise.<\/li>\n<\/ul>\n\n\n\n<p><strong>Refund and Dispute Policy:<\/strong><\/p>\n\n\n\n<ul class=\"wp-block-list\">\n<li>Refunds are processed within 14 days of receipt of the withdrawal notice.<\/li>\n\n\n\n<li>Disputes regarding services interruptions or quality can be addressed via email to brandfluxgroup@gmail.com<\/li>\n\n\n\n<li>The Seller does not guarantee uninterrupted service and is not liable for damages caused by service interruptions.<\/li>\n<\/ul>\n\n\n\n<p><strong>Transaction Currency:<\/strong><\/p>\n\n\n\n<ul class=\"wp-block-list\">\n<li>Prices are listed in PLN (Polish z\u0142oty), or localized to your country USD, CAD, EURO.<\/li>\n<\/ul>\n\n\n\n<p><strong>Security Capabilities and Policy for Transmission of Payment Card Details:<\/strong><\/p>\n\n\n\n<ul class=\"wp-block-list\">\n<li>Payment data is collected for processing purchases and stored securely by Stripe. For privacy details, refer to Stripe&#8217;s privacy notice: <a href=\"https:\/\/stripe.com\/privacy\" target=\"_blank\" rel=\"noopener\">https:\/\/stripe.com\/privacy<\/a>.<\/li>\n<\/ul>\n\n\n\n<p><strong>Consumer Data Privacy Policy:<\/strong><\/p>\n\n\n\n<ul class=\"wp-block-list\">\n<li><strong>Sensitive Information.<\/strong>&nbsp;We do not process sensitive information.<br>We only collect the Personal information provided by you in order to fulfil the order. Personal information may include the following data:<\/li>\n\n\n\n<li>names<\/li>\n\n\n\n<li>phone numbers<\/li>\n\n\n\n<li>email addresses<\/li>\n\n\n\n<li>mailing addresses<\/li>\n\n\n\n<li>usernames<\/li>\n\n\n\n<li>passwords<\/li>\n\n\n\n<li>billing addresses<\/li>\n<\/ul>\n\n\n\n<p><strong><em>In Short:&nbsp;<\/em><\/strong><em>Some information \u2014 such as your IP address and\/or browser and device characteristics \u2014 is collected automatically when you visit our Services.<\/em><\/p>\n\n\n\n<p>This information does not reveal your specific identity (like your name or contact information) but may include device and usage information, such as your IP address, browser and device characteristics, operating system, language preferences, referring URLs, device name, country, location, information about how and when you use our Services, and other technical information. This information is primarily needed to maintain the security and operation of our Services<\/p>\n\n\n\n<p>We may process your information if you have given us specific permission (i.e., express consent) to use your personal information for a specific purpose, or in situations where your permission can be inferred (i.e., implied consent). You can&nbsp;withdraw your consent at any time by emailing us.<\/p>\n\n\n\n<p>The General Data Protection Regulation (GDPR) and UK GDPR require us to explain the valid legal bases we rely on in order to process your personal information. As such, we may rely on the following legal bases to process your personal information:<\/p>\n\n\n\n<ul class=\"wp-block-list\">\n<li><strong>Consent.&nbsp;<\/strong>We may process your information if you have given us permission (i.e., consent) to use your personal information for a specific purpose. You can withdraw your consent at any time.<\/li>\n<\/ul>\n\n\n\n<ul class=\"wp-block-list\">\n<li><strong>Performance of a Contract.<\/strong>&nbsp;We may process your personal information when we believe it is necessary to fulfill our contractual obligations to you, including providing our Services or at your request prior to entering into a contract with you.<\/li>\n<\/ul>\n\n\n\n<ul class=\"wp-block-list\">\n<li><strong>Legal Obligations.<\/strong>&nbsp;We may process your information where we believe it is necessary for compliance with our legal obligations, such as to cooperate with a law enforcement body or regulatory agency, exercise or defend our legal rights, or disclose your information as evidence in litigation in which we are involved.<\/li>\n<\/ul>\n\n\n\n<ul class=\"wp-block-list\">\n<li><strong>Vital Interests.<\/strong>&nbsp;We may process your information where we believe it is necessary to protect your vital interests or the vital interests of a third party, such as situations involving potential threats to the safety of any person.<\/li>\n<\/ul>\n\n\n\n<p>If you have any further questions or concerns, please contact us at brandfluxgroup@gmail.com<br><br><\/p>\n\n\n\n<h3 class=\"wp-block-heading\">Definicje<\/h3>\n\n\n\n<ol class=\"wp-block-list\">\n<li><strong>Konsument<\/strong> &#8211; Osoba fizyczna zawieraj\u0105ca umow\u0119 ze Sprzedawc\u0105 za po\u015brednictwem Sklepu, niezwi\u0105zan\u0105 bezpo\u015brednio z jej dzia\u0142alno\u015bci\u0105 gospodarcz\u0105 lub zawodow\u0105.<\/li>\n\n\n\n<li><strong>Klient<\/strong> &#8211; Ka\u017cdy podmiot dokonuj\u0105cy zakup\u00f3w za po\u015brednictwem Sklepu.<\/li>\n\n\n\n<li><strong>Sklep<\/strong> &#8211; Sklep internetowy prowadzony przez Sprzedawc\u0119 pod adresem www.kartyesim.pl.<\/li>\n\n\n\n<li><strong>Umowa zawarta na odleg\u0142o\u015b\u0107<\/strong> &#8211; Umowa zawarta z Klientem w ramach zorganizowanego systemu zawierania um\u00f3w na odleg\u0142o\u015b\u0107, bez jednoczesnej fizycznej obecno\u015bci stron, z wykorzystaniem jednego lub wi\u0119cej \u015brodk\u00f3w porozumiewania si\u0119 na odleg\u0142o\u015b\u0107.<\/li>\n\n\n\n<li><strong>Regulamin<\/strong> &#8211; Niniejszy regulamin Sklepu.<\/li>\n\n\n\n<li><strong>Zam\u00f3wienie<\/strong> &#8211; O\u015bwiadczenie woli Klienta sk\u0142adane za pomoc\u0105 Formularza Zam\u00f3wienia, zmierzaj\u0105ce bezpo\u015brednio do zawarcia Umowy Sprzeda\u017cy Produktu lub Produkt\u00f3w ze Sprzedawc\u0105.<\/li>\n\n\n\n<li><strong>Konto<\/strong> &#8211; Konto Klienta w Sklepie, zawieraj\u0105ce dane podane przez Klienta oraz informacje o z\u0142o\u017conych przez niego Zam\u00f3wieniach.<\/li>\n\n\n\n<li><strong>Formularz Rejestracji<\/strong> &#8211; Formularz dost\u0119pny w Sklepie umo\u017cliwiaj\u0105cy utworzenie Konta.<\/li>\n\n\n\n<li><strong>Formularz Zam\u00f3wienia<\/strong> &#8211; Interaktywny formularz dost\u0119pny w Sklepie umo\u017cliwiaj\u0105cy z\u0142o\u017cenie Zam\u00f3wienia, w szczeg\u00f3lno\u015bci poprzez dodanie Produkt\u00f3w do Koszyka oraz okre\u015blenie warunk\u00f3w Umowy Sprzeda\u017cy, w tym metody dostawy i p\u0142atno\u015bci.<\/li>\n\n\n\n<li><strong>Koszyk<\/strong> &#8211; Element oprogramowania Sklepu, w kt\u00f3rym widoczne s\u0105 wybrane do zakupu przez Klienta Produkty, a tak\u017ce istnieje mo\u017cliwo\u015b\u0107 ustalenia i modyfikacji danych Zam\u00f3wienia, w szczeg\u00f3lno\u015bci ilo\u015bci produkt\u00f3w.<\/li>\n\n\n\n<li><strong>Produkt<\/strong> &#8211; Ruchoma rzecz\/us\u0142uga dost\u0119pna w Sklepie, b\u0119d\u0105ca przedmiotem Umowy Sprzeda\u017cy mi\u0119dzy Klientem a Sprzedawc\u0105.<\/li>\n\n\n\n<li><strong>Umowa Sprzeda\u017cy<\/strong> &#8211; Umowa sprzeda\u017cy Produktu zawierana lub zawarta mi\u0119dzy Klientem a Sprzedawc\u0105 za po\u015brednictwem Sklepu Internetowego. Umowa Sprzeda\u017cy obejmuje r\u00f3wnie\u017c &#8211; w zale\u017cno\u015bci od cech Produktu &#8211; umowy o \u015bwiadczenie us\u0142ug oraz umowy o dzie\u0142o.<\/li>\n<\/ol>\n\n\n\n<h3 class=\"wp-block-heading\">Informacje Kontaktowe<\/h3>\n\n\n\n<ul class=\"wp-block-list\">\n<li><strong>Email<\/strong>: brandfluxgroup@gmail.com<\/li>\n<\/ul>\n\n\n\n<p><strong>Jakie Informacje Zbieramy?<\/strong><\/p>\n\n\n\n<p>Informacje osobiste, kt\u00f3re nam ujawniasz<\/p>\n\n\n\n<p>Gromadzimy informacje osobiste, kt\u00f3re dobrowolnie nam udost\u0119pniasz podczas rejestracji w Us\u0142ugach, wyra\u017caj\u0105c zainteresowanie uzyskaniem informacji o nas lub naszych produktach i us\u0142ugach, uczestnicz\u0105c w dzia\u0142aniach na Us\u0142ugach lub w inny spos\u00f3b kontaktuj\u0105c si\u0119 z nami.<\/p>\n\n\n\n<p><strong>Informacje osobiste udost\u0119pniane przez Ciebie.<\/strong> Informacje osobiste, mog\u0105 obejmowa\u0107 nast\u0119puj\u0105ce dane:<\/p>\n\n\n\n<p>Polityka prywatno\u015bci dla konsument\u00f3w<br>Zbieramy jedynie dane osobowe udost\u0119pnione przez Ciebie w celu realizacji zam\u00f3wienia. Dane osobowe mog\u0105 obejmowa\u0107 nast\u0119puj\u0105ce informacje:<\/p>\n\n\n\n<ul class=\"wp-block-list\">\n<li>imiona<\/li>\n\n\n\n<li>numery telefon\u00f3w<\/li>\n\n\n\n<li>adresy e-mail<\/li>\n\n\n\n<li>adresy do korespondencji<\/li>\n\n\n\n<li>nazwy u\u017cytkownik\u00f3w<\/li>\n\n\n\n<li>adresy rozliczeniowe<\/li>\n<\/ul>\n\n\n\n<p>Pewne informacje, takie jak Tw\u00f3j adres IP i\/lub charakterystyka przegl\u0105darki i urz\u0105dzenia, s\u0105 zbierane automatycznie podczas odwiedzania naszych Us\u0142ug.<\/p>\n\n\n\n<p>Te informacje nie ujawniaj\u0105 Twojej to\u017csamo\u015bci (takich jak imi\u0119 czy dane kontaktowe), ale mog\u0105 zawiera\u0107 informacje o urz\u0105dzeniu i jego u\u017cytkowaniu, takie jak adres IP, charakterystyki przegl\u0105darki i urz\u0105dzenia, system operacyjny, preferencje j\u0119zykowe, adresy URL, nazw\u0119 urz\u0105dzenia, kraj, lokalizacj\u0119, informacje o tym, jak i kiedy korzystasz z naszych Us\u0142ug oraz inne informacje techniczne. Te informacje s\u0105 g\u0142\u00f3wnie potrzebne do zapewnienia bezpiecze\u0144stwa i dzia\u0142ania naszych Us\u0142ug.<\/p>\n\n\n\n<p>Mo\u017cemy przetwarza\u0107 Twoje informacje, je\u015bli udzieli\u0142e\u015b nam wyra\u017anej zgody na wykorzystanie Twoich danych osobowych w okre\u015blonym celu, lub w sytuacjach, gdzie Twoja zgoda mo\u017ce by\u0107 wywnioskowana (tj. domniemana zgoda). Mo\u017cesz w ka\u017cdej chwili wycofa\u0107 swoj\u0105 zgod\u0119, wysy\u0142aj\u0105c do nas e-mail.<\/p>\n\n\n\n<p>Rozporz\u0105dzenie og\u00f3lne o ochronie danych osobowych (RODO) oraz brytyjskie rozporz\u0105dzenie og\u00f3lne o ochronie danych osobowych wymagaj\u0105, aby\u015bmy wyja\u015bnili prawid\u0142owe podstawy prawne, na kt\u00f3rych opieramy przetwarzanie Twoich danych osobowych. W zwi\u0105zku z tym mo\u017cemy opiera\u0107 si\u0119 na nast\u0119puj\u0105cych podstawach prawnych do przetwarzania Twoich danych osobowych:<\/p>\n\n\n\n<p>Zgoda. Mo\u017cemy przetwarza\u0107 Twoje informacje, je\u015bli udzieli\u0142e\u015b nam zgody na wykorzystanie Twoich danych osobowych w okre\u015blonym celu. Mo\u017cesz w ka\u017cdej chwili wycofa\u0107 swoj\u0105 zgod\u0119 wysy\u0142aj\u0105c do nas e-mail.<\/p>\n\n\n\n<p>Wykonanie umowy. Mo\u017cemy przetwarza\u0107 Twoje dane osobowe, gdy uwa\u017camy, \u017ce jest to konieczne do realizacji naszych zobowi\u0105za\u0144 umownych wobec Ciebie, w tym \u015bwiadczenia naszych Us\u0142ug lub na Twoje \u017c\u0105danie przed zawarciem umowy z Tob\u0105.<\/p>\n\n\n\n<p>Obowi\u0105zki prawne. Mo\u017cemy przetwarza\u0107 Twoje informacje, gdy uwa\u017camy, \u017ce jest to konieczne do spe\u0142nienia naszych obowi\u0105zk\u00f3w prawnych, takich jak wsp\u00f3\u0142praca z organem \u015bcigania lub agencj\u0105 regulacyjn\u0105, obrona naszych praw prawnych lub ujawnienie Twoich informacji jako dowodu w s\u0105dowych sporach, w kt\u00f3rych uczestniczymy.<\/p>\n\n\n\n<p>Interesy \u017cyciowe. Mo\u017cemy przetwarza\u0107 Twoje informacje, gdy uwa\u017camy, \u017ce jest to konieczne do ochrony Twoich interes\u00f3w \u017cyciowych lub interes\u00f3w \u017cyciowych osoby trzeciej, takich jak sytuacje dotycz\u0105ce potencjalnych zagro\u017ce\u0144 dla bezpiecze\u0144stwa jakiejkolwiek osoby.<\/p>\n\n\n\n<p><strong>Dane p\u0142atnicze.<\/strong> Wszystkie dane p\u0142atnicze s\u0105 przechowywane przez Stripe. Znajdziesz link(i) do ich noty prawnej dotycz\u0105cej prywatno\u015bci tutaj: <a href=\"https:\/\/stripe.com\/privacy\" target=\"_blank\" rel=\"noopener\">https:\/\/stripe.com\/privacy<\/a><\/p>\n\n\n\n<h3 class=\"wp-block-heading\">Wymagania Techniczne<\/h3>\n\n\n\n<p>Aby korzysta\u0107 z naszego Sklepu, w tym przegl\u0105da\u0107 i sk\u0142ada\u0107 zam\u00f3wienia, potrzebujesz:<\/p>\n\n\n\n<ul class=\"wp-block-list\">\n<li>Urz\u0105dzenia z dost\u0119pem do Internetu i kompatybilnej przegl\u0105darki internetowej (Mozilla Firefox 80+, Google Chrome 85+, Microsoft Edge 86+, lub Safari 12+).<\/li>\n\n\n\n<li>Aktywnego konta email.<\/li>\n\n\n\n<li>W\u0142\u0105czonych plik\u00f3w cookies oraz JavaScript w przegl\u0105darce.<\/li>\n<\/ul>\n\n\n\n<h3 class=\"wp-block-heading\">Informacje Og\u00f3lne<\/h3>\n\n\n\n<ol class=\"wp-block-list\">\n<li>Sprzedawca, w najszerszym dopuszczalnym przez prawo zakresie, nie ponosi odpowiedzialno\u015bci za zak\u0142\u00f3cenia, w tym przerwy w funkcjonowaniu Sklepu spowodowane si\u0142\u0105 wy\u017csz\u0105, niedozwolonymi dzia\u0142aniami os\u00f3b trzecich lub niekompatybilno\u015bci\u0105 Sklepu z infrastruktur\u0105 techniczn\u0105 Klienta.<\/li>\n\n\n\n<li>Przegl\u0105danie asortymentu Sklepu nie wymaga zak\u0142adania Konta. Zam\u00f3wienia na Produkty dost\u0119pne w asortymencie Sklepu mog\u0105 by\u0107 sk\u0142adane przez za\u0142o\u017cenie Konta lub poprzez podanie niezb\u0119dnych danych osobowych i adresowych umo\u017cliwiaj\u0105cych realizacj\u0119 Zam\u00f3wienia bez zak\u0142adania Konta.<\/li>\n\n\n\n<li>Ceny w Sklepie podane s\u0105 w PLN.<\/li>\n\n\n\n<li>Ostateczna kwota do zap\u0142aty przez Klienta obejmuje cen\u0119 za Produkt.<\/li>\n\n\n\n<li>Sklep jest skierowany do polskich emigrant\u00f3w mieszkaj\u0105cych za granic\u0105 lub podczas podr\u00f3\u017cy do Kanady i Stan\u00f3w Zjednoczonych, oraz innych kraj\u00f3w poza unia europejska.<\/li>\n<\/ol>\n\n\n\n<h3 class=\"wp-block-heading\">Sk\u0142adanie Zam\u00f3wienia<\/h3>\n\n\n\n<p>Aby z\u0142o\u017cy\u0107 Zam\u00f3wienie:<\/p>\n\n\n\n<ol class=\"wp-block-list\">\n<li>Wybierz Produkt i kliknij &#8222;Dodaj do Koszyka&#8221;.<\/li>\n\n\n\n<li>Wype\u0142nij Formularz Zam\u00f3wienia, podaj\u0105c dane do faktury, adres email oraz potwierdzaj\u0105c akceptacj\u0119 Regulaminu.<\/li>\n\n\n\n<li>Wybierz metod\u0119 p\u0142atno\u015bci i dokonaj p\u0142atno\u015bci w okre\u015blonym czasie.<\/li>\n<\/ol>\n\n\n\n<h3 class=\"wp-block-heading\">Metody P\u0142atno\u015bci<\/h3>\n\n\n\n<p>Klienci mog\u0105 korzysta\u0107 z nast\u0119puj\u0105cych metod p\u0142atno\u015bci:<\/p>\n\n\n\n<ol class=\"wp-block-list\">\n<li>P\u0142atno\u015bci elektroniczne.<\/li>\n\n\n\n<li>P\u0142atno\u015b\u0107 kart\u0105 kredytow\u0105.<\/li>\n<\/ol>\n\n\n\n<h3 class=\"wp-block-heading\">Realizacja Umowy Sprzeda\u017cy<\/h3>\n\n\n\n<ol class=\"wp-block-list\">\n<li>Umowa Sprzeda\u017cy zostaje zawarta po z\u0142o\u017ceniu przez Klienta Zam\u00f3wienia za pomoc\u0105 Formularza Zam\u00f3wienia i dokonaniu p\u0142atno\u015bci.<\/li>\n\n\n\n<li>Po otrzymaniu Zam\u00f3wienia i p\u0142atno\u015bci, Sprzedawca potwierdza otrzymanie i przyj\u0119cie do realizacji drog\u0105 mailow\u0105.<\/li>\n\n\n\n<li>Produkt zostanie wys\u0142any na adres email Klienta natychmiast po potwierdzeniu p\u0142atno\u015bci.<\/li>\n<\/ol>\n\n\n\n<h3 class=\"wp-block-heading\">Prawo do Odst\u0105pienia od Umowy \/ Zwroty<\/h3>\n\n\n\n<ol class=\"wp-block-list\">\n<li>Konsumenci mog\u0105 odst\u0105pi\u0107 od Umowy Sprzeda\u017cy w ci\u0105gu 14 dni bez podania przyczyny.<\/li>\n\n\n\n<li>Termin odst\u0105pienia od umowy rozpoczyna si\u0119 od dnia dostarczenia Produktu.<\/li>\n\n\n\n<li>O\u015bwiadczenie o odst\u0105pieniu mo\u017cna wys\u0142a\u0107 poczt\u0105 lub email. Sprzedawca potwierdzi otrzymanie o\u015bwiadczenia drog\u0105 email.<\/li>\n\n\n\n<li>Prawo do zwrotu produktu cyfrowego przys\u0142uguje Klientowi dop\u00f3ki nie podejmie pr\u00f3by zainstalowania karty eSIM. WA\u017bNE: Mo\u017cesz poprosi\u0107 o zwrot pieni\u0119dzy tylko wtedy, gdy karta eSIM nie zosta\u0142a zainstalowana. Za ka\u017cdy zwr\u00f3cony eSIM pobierana jest op\u0142ata w wysoko\u015bci 10 z\u0142. Po zainstalowaniu karty eSIM Klient traci prawo do zwrotu produktu cyfrowego. Op\u0142ata nie jest pobierana, je\u017celi jest to z winy Sprzedawcy (np. wybrany przez ciebie kraj nie jest obs\u0142ugiwany przez eSIM).<\/li>\n\n\n\n<li>Skutki odst\u0105pienia: Umowa jest uwa\u017cana za niewa\u017cn\u0105, a Sprzedawca zwraca wszystkie p\u0142atno\u015bci, w ci\u0105gu 14 dni przy u\u017cyciu tej samej metody p\u0142atno\u015bci, chyba \u017ce uzgodniono inaczej.<\/li>\n<\/ol>\n\n\n\n<h3 class=\"wp-block-heading\">Reklamacje i Gwarancja<\/h3>\n\n\n\n<ol class=\"wp-block-list\">\n<li>Sprzedawca stara si\u0119 zapewni\u0107 wysok\u0105 jako\u015b\u0107 us\u0142ug. Ze wzgl\u0119du na charakter us\u0142ugi i sieci telekomunikacyjne mog\u0105 wyst\u0105pi\u0107 przerwy w \u015bwiadczeniu us\u0142ug. Sprzedawca nie gwarantuje nieprzerwanej us\u0142ugi i nie ponosi odpowiedzialno\u015bci za szkody spowodowane przerwami w \u015bwiadczeniu us\u0142ug.<\/li>\n\n\n\n<li>Klienci mog\u0105 sk\u0142ada\u0107 reklamacje dotycz\u0105ce Produktu drog\u0105 email na adres brandfluxgroup@gmail.com<\/li>\n\n\n\n<li>Aby przyspieszy\u0107 rozpatrywanie reklamacji, Sprzedawca zaleca podanie opisu problemu, daty zdarzenia oraz danych kontaktowych Klienta.<\/li>\n\n\n\n<li>Sprzedawca rozpatrzy reklamacj\u0119 w ci\u0105gu 14 dni kalendarzowych.<\/li>\n<\/ol>\n\n\n\n<h3 class=\"wp-block-heading\">Postanowienia Ko\u0144cowe<\/h3>\n\n\n\n<p>W przypadku jakichkolwiek pyta\u0144 lub w\u0105tpliwo\u015bci, prosimy o kontakt na adres brandfluxgroup@gmail.com<\/p>\n","protected":false},"excerpt":{"rendered":"<p>Witamy na stronie Karty eSim PL. Dbamy o ochron\u0119 Twojej prywatno\u015bci i zapewniamy, \u017ce Twoje dane osobowe s\u0105 przetwarzane bezpiecznie i odpowiedzialnie. Na niniejsza stronie opisujemy, w jaki spos\u00f3b zbieramy, wykorzystujemy i chronimy Twoje dane. Customer Service Contact Details: Return Policy and Process: Refund and Dispute Policy: Transaction Currency: Security Capabilities and Policy for Transmission [&hellip;]<\/p>\n","protected":false},"author":1,"featured_media":0,"parent":0,"menu_order":0,"comment_status":"closed","ping_status":"open","template":"","meta":{"footnotes":""},"class_list":["post-3","page","type-page","status-publish","hentry"],"_links":{"self":[{"href":"https:\/\/kartyesim.pl\/index.php?rest_route=\/wp\/v2\/pages\/3","targetHints":{"allow":["GET"]}}],"collection":[{"href":"https:\/\/kartyesim.pl\/index.php?rest_route=\/wp\/v2\/pages"}],"about":[{"href":"https:\/\/kartyesim.pl\/index.php?rest_route=\/wp\/v2\/types\/page"}],"author":[{"embeddable":true,"href":"https:\/\/kartyesim.pl\/index.php?rest_route=\/wp\/v2\/users\/1"}],"replies":[{"embeddable":true,"href":"https:\/\/kartyesim.pl\/index.php?rest_route=%2Fwp%2Fv2%2Fcomments&post=3"}],"version-history":[{"count":4,"href":"https:\/\/kartyesim.pl\/index.php?rest_route=\/wp\/v2\/pages\/3\/revisions"}],"predecessor-version":[{"id":3417,"href":"https:\/\/kartyesim.pl\/index.php?rest_route=\/wp\/v2\/pages\/3\/revisions\/3417"}],"wp:attachment":[{"href":"https:\/\/kartyesim.pl\/index.php?rest_route=%2Fwp%2Fv2%2Fmedia&parent=3"}],"curies":[{"name":"wp","href":"https:\/\/api.w.org\/{rel}","templated":true}]}}