{"id":3001,"date":"2024-06-27T11:50:07","date_gmt":"2024-06-27T10:50:07","guid":{"rendered":"https:\/\/kartyesim.pl\/?page_id=3001"},"modified":"2024-06-27T11:53:05","modified_gmt":"2024-06-27T10:53:05","slug":"przewodnik-instalacji-esim-android","status":"publish","type":"page","link":"https:\/\/kartyesim.pl\/?page_id=3001","title":{"rendered":"Przewodnik instalacji eSim ANDROID"},"content":{"rendered":"\n<p>Przed rozpocz\u0119ciem upewnij si\u0119, \u017ce:<\/p>\n\n\n\n<ul class=\"wp-block-list\">\n<li>Masz dobre po\u0142\u0105czenie z internetem, np. WiFi lub 4G\/5G.<\/li>\n\n\n\n<li>Tw\u00f3j telefon obs\u0142uguje eSIM \u2013 sprawd\u017a <a href=\"https:\/\/kartyesim.pl\/?page_id=2\" data-type=\"page\" data-id=\"2\">tutaj<\/a>, je\u015bli nie jeste\u015b pewien.<\/li>\n\n\n\n<li>Telefon nie jest zablokowany przez operatora \u2013 sprawd\u017a tutaj, je\u015bli nie jeste\u015b pewien.<\/li>\n<\/ul>\n\n\n\n<p>*Po instalacji karty eSIM w\u0142\u0105cz &#8222;Roaming danych&#8221;!<\/p>\n\n\n\n<div class=\"wp-block-group has-global-padding is-content-justification-left is-layout-constrained wp-container-core-group-is-layout-9fe8ed88 wp-block-group-is-layout-constrained\">\n<p>1. Id\u017a do Ustawie\u0144 &gt; sie\u0107 i internet &gt;Karty SIM &gt; Dodaj kart\u0119 SIM &gt; Skonfiguruj kart\u0119 eSIM i zeskanuj kod QR otrzymany w emailu. <\/p>\n\n\n\n<p><\/p>\n<\/div>\n\n\n\n<figure class=\"wp-block-gallery has-nested-images columns-default is-cropped wp-block-gallery-1 is-layout-flex wp-block-gallery-is-layout-flex\">\n<figure class=\"wp-block-image size-large\"><img loading=\"lazy\" decoding=\"async\" width=\"461\" height=\"1024\" data-id=\"3010\" src=\"https:\/\/kartyesim.pl\/wp-content\/uploads\/2024\/06\/Screenshot_20240627-121224-1-461x1024.png\" alt=\"\" class=\"wp-image-3010\" srcset=\"https:\/\/kartyesim.pl\/wp-content\/uploads\/2024\/06\/Screenshot_20240627-121224-1-461x1024.png 461w, https:\/\/kartyesim.pl\/wp-content\/uploads\/2024\/06\/Screenshot_20240627-121224-1-135x300.png 135w, https:\/\/kartyesim.pl\/wp-content\/uploads\/2024\/06\/Screenshot_20240627-121224-1-768x1707.png 768w, https:\/\/kartyesim.pl\/wp-content\/uploads\/2024\/06\/Screenshot_20240627-121224-1-691x1536.png 691w, https:\/\/kartyesim.pl\/wp-content\/uploads\/2024\/06\/Screenshot_20240627-121224-1-922x2048.png 922w, https:\/\/kartyesim.pl\/wp-content\/uploads\/2024\/06\/Screenshot_20240627-121224-1-600x1333.png 600w, https:\/\/kartyesim.pl\/wp-content\/uploads\/2024\/06\/Screenshot_20240627-121224-1.png 1080w\" sizes=\"auto, (max-width: 461px) 100vw, 461px\" \/><\/figure>\n\n\n\n<figure class=\"wp-block-image size-large\"><img loading=\"lazy\" decoding=\"async\" width=\"461\" height=\"1024\" data-id=\"3009\" src=\"https:\/\/kartyesim.pl\/wp-content\/uploads\/2024\/06\/Screenshot_20240627-121236-1-461x1024.png\" alt=\"\" class=\"wp-image-3009\" srcset=\"https:\/\/kartyesim.pl\/wp-content\/uploads\/2024\/06\/Screenshot_20240627-121236-1-461x1024.png 461w, https:\/\/kartyesim.pl\/wp-content\/uploads\/2024\/06\/Screenshot_20240627-121236-1-135x300.png 135w, https:\/\/kartyesim.pl\/wp-content\/uploads\/2024\/06\/Screenshot_20240627-121236-1-768x1707.png 768w, https:\/\/kartyesim.pl\/wp-content\/uploads\/2024\/06\/Screenshot_20240627-121236-1-691x1536.png 691w, https:\/\/kartyesim.pl\/wp-content\/uploads\/2024\/06\/Screenshot_20240627-121236-1-922x2048.png 922w, https:\/\/kartyesim.pl\/wp-content\/uploads\/2024\/06\/Screenshot_20240627-121236-1-600x1333.png 600w, https:\/\/kartyesim.pl\/wp-content\/uploads\/2024\/06\/Screenshot_20240627-121236-1.png 1080w\" sizes=\"auto, (max-width: 461px) 100vw, 461px\" \/><\/figure>\n\n\n\n<figure class=\"wp-block-image size-large\"><img loading=\"lazy\" decoding=\"async\" width=\"461\" height=\"1024\" data-id=\"3017\" src=\"https:\/\/kartyesim.pl\/wp-content\/uploads\/2024\/06\/Screenshot_20240627-121243-4-461x1024.png\" alt=\"\" class=\"wp-image-3017\" srcset=\"https:\/\/kartyesim.pl\/wp-content\/uploads\/2024\/06\/Screenshot_20240627-121243-4-461x1024.png 461w, https:\/\/kartyesim.pl\/wp-content\/uploads\/2024\/06\/Screenshot_20240627-121243-4-135x300.png 135w, https:\/\/kartyesim.pl\/wp-content\/uploads\/2024\/06\/Screenshot_20240627-121243-4-768x1707.png 768w, https:\/\/kartyesim.pl\/wp-content\/uploads\/2024\/06\/Screenshot_20240627-121243-4-691x1536.png 691w, https:\/\/kartyesim.pl\/wp-content\/uploads\/2024\/06\/Screenshot_20240627-121243-4-922x2048.png 922w, https:\/\/kartyesim.pl\/wp-content\/uploads\/2024\/06\/Screenshot_20240627-121243-4-600x1333.png 600w, https:\/\/kartyesim.pl\/wp-content\/uploads\/2024\/06\/Screenshot_20240627-121243-4.png 1080w\" sizes=\"auto, (max-width: 461px) 100vw, 461px\" \/><\/figure>\n\n\n\n<figure class=\"wp-block-image size-large\"><img loading=\"lazy\" decoding=\"async\" width=\"461\" height=\"1024\" data-id=\"3008\" src=\"https:\/\/kartyesim.pl\/wp-content\/uploads\/2024\/06\/Screenshot_20240627-121252-1-461x1024.png\" alt=\"\" class=\"wp-image-3008\" srcset=\"https:\/\/kartyesim.pl\/wp-content\/uploads\/2024\/06\/Screenshot_20240627-121252-1-461x1024.png 461w, https:\/\/kartyesim.pl\/wp-content\/uploads\/2024\/06\/Screenshot_20240627-121252-1-135x300.png 135w, https:\/\/kartyesim.pl\/wp-content\/uploads\/2024\/06\/Screenshot_20240627-121252-1-768x1707.png 768w, https:\/\/kartyesim.pl\/wp-content\/uploads\/2024\/06\/Screenshot_20240627-121252-1-691x1536.png 691w, https:\/\/kartyesim.pl\/wp-content\/uploads\/2024\/06\/Screenshot_20240627-121252-1-922x2048.png 922w, https:\/\/kartyesim.pl\/wp-content\/uploads\/2024\/06\/Screenshot_20240627-121252-1-600x1333.png 600w, https:\/\/kartyesim.pl\/wp-content\/uploads\/2024\/06\/Screenshot_20240627-121252-1.png 1080w\" sizes=\"auto, (max-width: 461px) 100vw, 461px\" \/><\/figure>\n\n\n\n<figure class=\"wp-block-image size-large\"><img loading=\"lazy\" decoding=\"async\" width=\"461\" height=\"1024\" data-id=\"3011\" src=\"https:\/\/kartyesim.pl\/wp-content\/uploads\/2024\/06\/Screenshot_20240627-121309-1-461x1024.png\" alt=\"\" class=\"wp-image-3011\" srcset=\"https:\/\/kartyesim.pl\/wp-content\/uploads\/2024\/06\/Screenshot_20240627-121309-1-461x1024.png 461w, https:\/\/kartyesim.pl\/wp-content\/uploads\/2024\/06\/Screenshot_20240627-121309-1-135x300.png 135w, https:\/\/kartyesim.pl\/wp-content\/uploads\/2024\/06\/Screenshot_20240627-121309-1-768x1707.png 768w, https:\/\/kartyesim.pl\/wp-content\/uploads\/2024\/06\/Screenshot_20240627-121309-1-691x1536.png 691w, https:\/\/kartyesim.pl\/wp-content\/uploads\/2024\/06\/Screenshot_20240627-121309-1-922x2048.png 922w, https:\/\/kartyesim.pl\/wp-content\/uploads\/2024\/06\/Screenshot_20240627-121309-1-600x1333.png 600w, https:\/\/kartyesim.pl\/wp-content\/uploads\/2024\/06\/Screenshot_20240627-121309-1.png 1080w\" sizes=\"auto, (max-width: 461px) 100vw, 461px\" \/><\/figure>\n<\/figure>\n\n\n\n<p>Nast\u0119pnie skonfiguruj twoj\u0105 kart\u0119 eSIM<\/p>\n\n\n\n<p>2. Id\u017a do Ustawie\u0144 &gt; sie\u0107 i internet &gt;Karty SIM &gt;wybierz z listy nowy esim kt\u00f3ry doda\u0142e\u015b.&gt; w\u0142\u0105cz &#8222;u\u017cywaj tej karty sim&gt; w\u0142\u0105cz u\u017cyj sieci esim<br>upewnij si\u0119 \u017ce jest zaznaczone &#8222;mobilna transmisja danych&#8221; oraz &#8222;roaming mobilnych danych&#8221; na karcie eSIM.<\/p>\n\n\n\n<div class=\"wp-block-group alignfull has-accent-background-color has-background has-global-padding is-layout-constrained wp-container-core-group-is-layout-669513ed wp-block-group-is-layout-constrained\" style=\"margin-top:0;margin-bottom:0;padding-top:var(--wp--preset--spacing--50);padding-right:var(--wp--preset--spacing--50);padding-bottom:var(--wp--preset--spacing--50);padding-left:var(--wp--preset--spacing--50)\">\n<figure class=\"wp-block-gallery has-nested-images columns-default is-cropped wp-block-gallery-2 is-layout-flex wp-block-gallery-is-layout-flex\">\n<figure class=\"wp-block-image size-large\"><img loading=\"lazy\" decoding=\"async\" width=\"461\" height=\"1024\" data-id=\"3012\" src=\"https:\/\/kartyesim.pl\/wp-content\/uploads\/2024\/06\/1.1-461x1024.png\" alt=\"\" class=\"wp-image-3012\" srcset=\"https:\/\/kartyesim.pl\/wp-content\/uploads\/2024\/06\/1.1-461x1024.png 461w, https:\/\/kartyesim.pl\/wp-content\/uploads\/2024\/06\/1.1-135x300.png 135w, https:\/\/kartyesim.pl\/wp-content\/uploads\/2024\/06\/1.1-768x1707.png 768w, https:\/\/kartyesim.pl\/wp-content\/uploads\/2024\/06\/1.1-691x1536.png 691w, https:\/\/kartyesim.pl\/wp-content\/uploads\/2024\/06\/1.1-922x2048.png 922w, https:\/\/kartyesim.pl\/wp-content\/uploads\/2024\/06\/1.1-600x1333.png 600w, https:\/\/kartyesim.pl\/wp-content\/uploads\/2024\/06\/1.1.png 1080w\" sizes=\"auto, (max-width: 461px) 100vw, 461px\" \/><\/figure>\n\n\n\n<figure class=\"wp-block-image size-large\"><img loading=\"lazy\" decoding=\"async\" width=\"461\" height=\"1024\" data-id=\"3013\" src=\"https:\/\/kartyesim.pl\/wp-content\/uploads\/2024\/06\/2-461x1024.png\" alt=\"\" class=\"wp-image-3013\" srcset=\"https:\/\/kartyesim.pl\/wp-content\/uploads\/2024\/06\/2-461x1024.png 461w, https:\/\/kartyesim.pl\/wp-content\/uploads\/2024\/06\/2-135x300.png 135w, https:\/\/kartyesim.pl\/wp-content\/uploads\/2024\/06\/2-768x1707.png 768w, https:\/\/kartyesim.pl\/wp-content\/uploads\/2024\/06\/2-691x1536.png 691w, https:\/\/kartyesim.pl\/wp-content\/uploads\/2024\/06\/2-922x2048.png 922w, https:\/\/kartyesim.pl\/wp-content\/uploads\/2024\/06\/2-600x1333.png 600w, https:\/\/kartyesim.pl\/wp-content\/uploads\/2024\/06\/2.png 1080w\" sizes=\"auto, (max-width: 461px) 100vw, 461px\" \/><\/figure>\n\n\n\n<figure class=\"wp-block-image size-large\"><img loading=\"lazy\" decoding=\"async\" width=\"461\" height=\"1024\" data-id=\"3014\" src=\"https:\/\/kartyesim.pl\/wp-content\/uploads\/2024\/06\/3-461x1024.png\" alt=\"\" class=\"wp-image-3014\" srcset=\"https:\/\/kartyesim.pl\/wp-content\/uploads\/2024\/06\/3-461x1024.png 461w, https:\/\/kartyesim.pl\/wp-content\/uploads\/2024\/06\/3-135x300.png 135w, https:\/\/kartyesim.pl\/wp-content\/uploads\/2024\/06\/3-768x1707.png 768w, https:\/\/kartyesim.pl\/wp-content\/uploads\/2024\/06\/3-691x1536.png 691w, https:\/\/kartyesim.pl\/wp-content\/uploads\/2024\/06\/3-922x2048.png 922w, https:\/\/kartyesim.pl\/wp-content\/uploads\/2024\/06\/3-600x1333.png 600w, https:\/\/kartyesim.pl\/wp-content\/uploads\/2024\/06\/3.png 1080w\" sizes=\"auto, (max-width: 461px) 100vw, 461px\" \/><\/figure>\n<\/figure>\n<\/div>\n","protected":false},"excerpt":{"rendered":"<p>Przed rozpocz\u0119ciem upewnij si\u0119, \u017ce: *Po instalacji karty eSIM w\u0142\u0105cz &#8222;Roaming danych&#8221;! 1. Id\u017a do Ustawie\u0144 &gt; sie\u0107 i internet &gt;Karty SIM &gt; Dodaj kart\u0119 SIM &gt; Skonfiguruj kart\u0119 eSIM i zeskanuj kod QR otrzymany w emailu. Nast\u0119pnie skonfiguruj twoj\u0105 kart\u0119 eSIM 2. Id\u017a do Ustawie\u0144 &gt; sie\u0107 i internet &gt;Karty SIM &gt;wybierz z listy [&hellip;]<\/p>\n","protected":false},"author":1,"featured_media":0,"parent":0,"menu_order":0,"comment_status":"closed","ping_status":"closed","template":"","meta":{"footnotes":""},"class_list":["post-3001","page","type-page","status-publish","hentry"],"_links":{"self":[{"href":"https:\/\/kartyesim.pl\/index.php?rest_route=\/wp\/v2\/pages\/3001","targetHints":{"allow":["GET"]}}],"collection":[{"href":"https:\/\/kartyesim.pl\/index.php?rest_route=\/wp\/v2\/pages"}],"about":[{"href":"https:\/\/kartyesim.pl\/index.php?rest_route=\/wp\/v2\/types\/page"}],"author":[{"embeddable":true,"href":"https:\/\/kartyesim.pl\/index.php?rest_route=\/wp\/v2\/users\/1"}],"replies":[{"embeddable":true,"href":"https:\/\/kartyesim.pl\/index.php?rest_route=%2Fwp%2Fv2%2Fcomments&post=3001"}],"version-history":[{"count":0,"href":"https:\/\/kartyesim.pl\/index.php?rest_route=\/wp\/v2\/pages\/3001\/revisions"}],"wp:attachment":[{"href":"https:\/\/kartyesim.pl\/index.php?rest_route=%2Fwp%2Fv2%2Fmedia&parent=3001"}],"curies":[{"name":"wp","href":"https:\/\/api.w.org\/{rel}","templated":true}]}}