{"id":3025,"date":"2024-06-27T11:55:06","date_gmt":"2024-06-27T10:55:06","guid":{"rendered":"https:\/\/kartyesim.pl\/?page_id=3025"},"modified":"2024-06-27T12:22:01","modified_gmt":"2024-06-27T11:22:01","slug":"przewodnik-instalacji-esim-iphone","status":"publish","type":"page","link":"https:\/\/kartyesim.pl\/?page_id=3025","title":{"rendered":"Przewodnik Instalacji eSim iPhone"},"content":{"rendered":"\n<p>Przed rozpocz\u0119ciem upewnij si\u0119, \u017ce:<\/p>\n\n\n\n<ul class=\"wp-block-list\">\n<li>Masz dobre po\u0142\u0105czenie z internetem, np. WiFi lub 4G\/5G.<\/li>\n\n\n\n<li>Tw\u00f3j telefon obs\u0142uguje eSIM \u2013 sprawd\u017a <a href=\"https:\/\/kartyesim.pl\/?page_id=2\" data-type=\"page\" data-id=\"2\">tutaj<\/a>, je\u015bli nie jeste\u015b pewien.<\/li>\n<\/ul>\n\n\n\n<p>oficjalna instrukcja APPLE : <a href=\"https:\/\/support.apple.com\/pl-pl\/109317\" target=\"_blank\" rel=\"noopener\">https:\/\/support.apple.com\/pl-pl\/109317<\/a><\/p>\n\n\n\n<h4 class=\"wp-block-heading\">Kroki instalacji w skr\u00f3cie:<br><\/h4>\n\n\n\n<h5 class=\"wp-block-heading\">iPhone: ustawienia >sie\u0107 kom\u00f3rkowa>dodaj eSIM>skanuj kod QR.<\/h5>\n\n\n\n<h5 class=\"wp-block-heading\"><br>Wlacz dane mobilne, i w\u0142\u0105cz roaming danych mobilnych na karcie esim. <br><br><br><\/h5>\n\n\n\n<h4 class=\"wp-block-heading\">Kroki instalacji z obrazkami: <\/h4>\n\n\n\n<ol class=\"wp-block-list\">\n<li>Przejd\u017a do Ustawienia> Us\u0142uga kom\u00f3rkowa\/Kom\u00f3rkowa i dotknij \u201edodaj eSIM\u201d<\/li>\n<\/ol>\n\n\n\n<p><img decoding=\"async\" src=\"https:\/\/esim.sm\/img\/set-up\/esim_iphone_step_1_add_esim.png\" alt=\"Phone\"><\/p>\n\n\n\n<p>2. Naci\u015bnij &#8222;U\u017cyj kodu QR&#8221;<\/p>\n\n\n\n<p><img decoding=\"async\" src=\"https:\/\/esim.sm\/img\/set-up\/esim_iphone_step_2_use_qr_code.png\" alt=\"Phone\"><\/p>\n\n\n\n<p>3. Zeskanuj kod QR otrzymany e-mailem.<\/p>\n\n\n\n<p><img decoding=\"async\" src=\"https:\/\/esim.sm\/img\/set-up\/esim_iphone_step_3_scan_qr_code.png\" alt=\"Phone\"><\/p>\n\n\n\n<p>4 Po zeskanowaniu kodu QR aktywuj kart\u0119 eSIM, dotykaj\u0105c przycisku Kontynuuj.<\/p>\n\n\n\n<p><img decoding=\"async\" src=\"https:\/\/esim.sm\/img\/set-up\/esim_iphone_step_4_activate_esim.png\" alt=\"Phone\"><\/p>\n\n\n\n<p>5. Aktywacja eSIM zako\u0144czona! Upewnij si\u0119, \u017ce na g\u00f3rze znajduj\u0105 si\u0119 2 paski sygna\u0142u sieciowego<\/p>\n\n\n\n<p><img decoding=\"async\" src=\"https:\/\/esim.sm\/img\/set-up\/esim_iphone_step_5_activation_complete.png\" alt=\"Phone\"><\/p>\n\n\n\n<p>6. Kliknij now\u0105 zainstalowan\u0105 kart\u0119 eSIM, aby zmieni\u0107 jej nazw\u0119<\/p>\n\n\n\n<p><img decoding=\"async\" src=\"https:\/\/esim.sm\/img\/set-up\/esim_iphone_step_6_label_for_your_plan.png\" alt=\"Phone\"><\/p>\n\n\n\n<p>7. Zmie\u0144 jego nazw\u0119 na eSIM lub wed\u0142ug woli.<\/p>\n\n\n\n<figure class=\"wp-block-image size-large is-resized\"><img loading=\"lazy\" decoding=\"async\" width=\"473\" height=\"1024\" src=\"https:\/\/kartyesim.pl\/wp-content\/uploads\/2024\/06\/esim_iphone_step_7_custom_label-473x1024.png\" alt=\"\" class=\"wp-image-3030\" style=\"width:619px;height:auto\" srcset=\"https:\/\/kartyesim.pl\/wp-content\/uploads\/2024\/06\/esim_iphone_step_7_custom_label-473x1024.png 473w, https:\/\/kartyesim.pl\/wp-content\/uploads\/2024\/06\/esim_iphone_step_7_custom_label-139x300.png 139w, https:\/\/kartyesim.pl\/wp-content\/uploads\/2024\/06\/esim_iphone_step_7_custom_label-768x1662.png 768w, https:\/\/kartyesim.pl\/wp-content\/uploads\/2024\/06\/esim_iphone_step_7_custom_label-710x1536.png 710w, https:\/\/kartyesim.pl\/wp-content\/uploads\/2024\/06\/esim_iphone_step_7_custom_label-947x2048.png 947w, https:\/\/kartyesim.pl\/wp-content\/uploads\/2024\/06\/esim_iphone_step_7_custom_label-600x1298.png 600w, https:\/\/kartyesim.pl\/wp-content\/uploads\/2024\/06\/esim_iphone_step_7_custom_label.png 1284w\" sizes=\"auto, (max-width: 473px) 100vw, 473px\" \/><\/figure>\n\n\n\n<p>8. Ustaw g\u0142\u00f3wn\u0105 kart\u0119 SIM jako lini\u0119 domy\u015bln\u0105<\/p>\n\n\n\n<figure class=\"wp-block-image size-large\"><img loading=\"lazy\" decoding=\"async\" width=\"473\" height=\"1024\" src=\"https:\/\/kartyesim.pl\/wp-content\/uploads\/2024\/06\/esim_iphone_step_8_default_call_line-473x1024.png\" alt=\"\" class=\"wp-image-3031\" srcset=\"https:\/\/kartyesim.pl\/wp-content\/uploads\/2024\/06\/esim_iphone_step_8_default_call_line-473x1024.png 473w, https:\/\/kartyesim.pl\/wp-content\/uploads\/2024\/06\/esim_iphone_step_8_default_call_line-139x300.png 139w, https:\/\/kartyesim.pl\/wp-content\/uploads\/2024\/06\/esim_iphone_step_8_default_call_line-768x1662.png 768w, https:\/\/kartyesim.pl\/wp-content\/uploads\/2024\/06\/esim_iphone_step_8_default_call_line-710x1536.png 710w, https:\/\/kartyesim.pl\/wp-content\/uploads\/2024\/06\/esim_iphone_step_8_default_call_line-947x2048.png 947w, https:\/\/kartyesim.pl\/wp-content\/uploads\/2024\/06\/esim_iphone_step_8_default_call_line-600x1298.png 600w, https:\/\/kartyesim.pl\/wp-content\/uploads\/2024\/06\/esim_iphone_step_8_default_call_line.png 1284w\" sizes=\"auto, (max-width: 473px) 100vw, 473px\" \/><\/figure>\n\n\n\n<p>9. Ustaw swoj\u0105 podstawow\u0105 kart\u0119 SIM dla iMessage i FaceTime<\/p>\n\n\n\n<figure class=\"wp-block-image size-large\"><img loading=\"lazy\" decoding=\"async\" width=\"473\" height=\"1024\" src=\"https:\/\/kartyesim.pl\/wp-content\/uploads\/2024\/06\/esim_iphone_step_9_default_imessage_facetime-473x1024.png\" alt=\"\" class=\"wp-image-3032\" srcset=\"https:\/\/kartyesim.pl\/wp-content\/uploads\/2024\/06\/esim_iphone_step_9_default_imessage_facetime-473x1024.png 473w, https:\/\/kartyesim.pl\/wp-content\/uploads\/2024\/06\/esim_iphone_step_9_default_imessage_facetime-139x300.png 139w, https:\/\/kartyesim.pl\/wp-content\/uploads\/2024\/06\/esim_iphone_step_9_default_imessage_facetime-768x1662.png 768w, https:\/\/kartyesim.pl\/wp-content\/uploads\/2024\/06\/esim_iphone_step_9_default_imessage_facetime-710x1536.png 710w, https:\/\/kartyesim.pl\/wp-content\/uploads\/2024\/06\/esim_iphone_step_9_default_imessage_facetime-947x2048.png 947w, https:\/\/kartyesim.pl\/wp-content\/uploads\/2024\/06\/esim_iphone_step_9_default_imessage_facetime-600x1298.png 600w, https:\/\/kartyesim.pl\/wp-content\/uploads\/2024\/06\/esim_iphone_step_9_default_imessage_facetime.png 1284w\" sizes=\"auto, (max-width: 473px) 100vw, 473px\" \/><\/figure>\n\n\n\n<p>10. Przejd\u017a do Ustawienia > Us\u0142uga kom\u00f3rkowa\/Kom\u00f3rkowa i upewnij si\u0119, \u017ce Dane kom\u00f3rkowe s\u0105 ustawione na eSIM<\/p>\n\n\n\n<p><\/p>\n\n\n\n<figure class=\"wp-block-image size-large\"><img loading=\"lazy\" decoding=\"async\" width=\"473\" height=\"1024\" src=\"https:\/\/kartyesim.pl\/wp-content\/uploads\/2024\/06\/esim_iphone_step_10_esim_installed-473x1024.png\" alt=\"\" class=\"wp-image-3029\" srcset=\"https:\/\/kartyesim.pl\/wp-content\/uploads\/2024\/06\/esim_iphone_step_10_esim_installed-473x1024.png 473w, https:\/\/kartyesim.pl\/wp-content\/uploads\/2024\/06\/esim_iphone_step_10_esim_installed-139x300.png 139w, https:\/\/kartyesim.pl\/wp-content\/uploads\/2024\/06\/esim_iphone_step_10_esim_installed-768x1662.png 768w, https:\/\/kartyesim.pl\/wp-content\/uploads\/2024\/06\/esim_iphone_step_10_esim_installed-710x1536.png 710w, https:\/\/kartyesim.pl\/wp-content\/uploads\/2024\/06\/esim_iphone_step_10_esim_installed-947x2048.png 947w, https:\/\/kartyesim.pl\/wp-content\/uploads\/2024\/06\/esim_iphone_step_10_esim_installed-600x1298.png 600w, https:\/\/kartyesim.pl\/wp-content\/uploads\/2024\/06\/esim_iphone_step_10_esim_installed.png 1284w\" sizes=\"auto, (max-width: 473px) 100vw, 473px\" \/><\/figure>\n\n\n\n<p>11. W\u0142\u0105cz roaming danych na nowej karcie eSIM<\/p>\n\n\n\n<p><\/p>\n\n\n\n<figure class=\"wp-block-image size-large\"><img loading=\"lazy\" decoding=\"async\" width=\"473\" height=\"1024\" src=\"https:\/\/kartyesim.pl\/wp-content\/uploads\/2024\/06\/esim_iphone_step_11_esim_configuration-473x1024.png\" alt=\"\" class=\"wp-image-3028\" srcset=\"https:\/\/kartyesim.pl\/wp-content\/uploads\/2024\/06\/esim_iphone_step_11_esim_configuration-473x1024.png 473w, https:\/\/kartyesim.pl\/wp-content\/uploads\/2024\/06\/esim_iphone_step_11_esim_configuration-139x300.png 139w, https:\/\/kartyesim.pl\/wp-content\/uploads\/2024\/06\/esim_iphone_step_11_esim_configuration-768x1662.png 768w, https:\/\/kartyesim.pl\/wp-content\/uploads\/2024\/06\/esim_iphone_step_11_esim_configuration-710x1536.png 710w, https:\/\/kartyesim.pl\/wp-content\/uploads\/2024\/06\/esim_iphone_step_11_esim_configuration-947x2048.png 947w, https:\/\/kartyesim.pl\/wp-content\/uploads\/2024\/06\/esim_iphone_step_11_esim_configuration-600x1298.png 600w, https:\/\/kartyesim.pl\/wp-content\/uploads\/2024\/06\/esim_iphone_step_11_esim_configuration.png 1284w\" sizes=\"auto, (max-width: 473px) 100vw, 473px\" \/><\/figure>\n\n\n\n<p><\/p>\n","protected":false},"excerpt":{"rendered":"<p>Przed rozpocz\u0119ciem upewnij si\u0119, \u017ce: oficjalna instrukcja APPLE : https:\/\/support.apple.com\/pl-pl\/109317 Kroki instalacji w skr\u00f3cie: iPhone: ustawienia >sie\u0107 kom\u00f3rkowa>dodaj eSIM>skanuj kod QR. Wlacz dane mobilne, i w\u0142\u0105cz roaming danych mobilnych na karcie esim. Kroki instalacji z obrazkami: 2. Naci\u015bnij &#8222;U\u017cyj kodu QR&#8221; 3. Zeskanuj kod QR otrzymany e-mailem. 4 Po zeskanowaniu kodu QR aktywuj kart\u0119 eSIM, [&hellip;]<\/p>\n","protected":false},"author":1,"featured_media":0,"parent":0,"menu_order":0,"comment_status":"closed","ping_status":"closed","template":"","meta":{"footnotes":""},"class_list":["post-3025","page","type-page","status-publish","hentry"],"_links":{"self":[{"href":"https:\/\/kartyesim.pl\/index.php?rest_route=\/wp\/v2\/pages\/3025","targetHints":{"allow":["GET"]}}],"collection":[{"href":"https:\/\/kartyesim.pl\/index.php?rest_route=\/wp\/v2\/pages"}],"about":[{"href":"https:\/\/kartyesim.pl\/index.php?rest_route=\/wp\/v2\/types\/page"}],"author":[{"embeddable":true,"href":"https:\/\/kartyesim.pl\/index.php?rest_route=\/wp\/v2\/users\/1"}],"replies":[{"embeddable":true,"href":"https:\/\/kartyesim.pl\/index.php?rest_route=%2Fwp%2Fv2%2Fcomments&post=3025"}],"version-history":[{"count":0,"href":"https:\/\/kartyesim.pl\/index.php?rest_route=\/wp\/v2\/pages\/3025\/revisions"}],"wp:attachment":[{"href":"https:\/\/kartyesim.pl\/index.php?rest_route=%2Fwp%2Fv2%2Fmedia&parent=3025"}],"curies":[{"name":"wp","href":"https:\/\/api.w.org\/{rel}","templated":true}]}}