{"id":3034,"date":"2024-06-27T12:30:12","date_gmt":"2024-06-27T11:30:12","guid":{"rendered":"https:\/\/kartyesim.pl\/?page_id=3034"},"modified":"2024-06-27T12:30:12","modified_gmt":"2024-06-27T11:30:12","slug":"jak-zainstalowac-i-aktywowac-karte-esim","status":"publish","type":"page","link":"https:\/\/kartyesim.pl\/?page_id=3034","title":{"rendered":"Jak zainstalowa\u0107 i aktywowa\u0107 kart\u0119 eSIM"},"content":{"rendered":"\n<p>Dzi\u0119kujemy za wyb\u00f3r Karty eSIM PL! W tej instrukcji dowiesz si\u0119, jak skonfigurowa\u0107 swoj\u0105 eSIM i jak z niej korzysta\u0107.<\/p>\n\n\n\n<p>Najpierw sprawd\u017a, czy Twoje urz\u0105dzenie obs\u0142uguje eSIM. Nie wszystkie urz\u0105dzenia s\u0105 kompatybilne, odwied\u017a <a href=\"https:\/\/kartyesim.pl\/?page_id=2\" data-type=\"page\" data-id=\"2\">stron\u0119 kompatybilno\u015bci tutaj.<\/a><\/p>\n\n\n\n<p>Og\u00f3lne kroki instalacji:<br>Telefon musi by\u0107 pod\u0142\u0105czony do sieci Wi-Fi i mie\u0107 dost\u0119p do internetu aby pobra\u0107 dane i ustawienia eSIM.<\/p>\n\n\n\n<p>Instrukcje aktywacji:<\/p>\n\n\n\n<ol class=\"wp-block-list\">\n<li>W ustawieniach telefonu dodaj kart\u0119 eSIM poprzez kod QR. Najlepiej wy\u015bwietli\u0107 kod QR na innym urz\u0105dzeniu, lub wydrukowa\u0107.<\/li>\n<\/ol>\n\n\n\n<p>Zwykle karta zostanie wgrana automatycznie z prawid\u0142owymi ustawieniami i operatora sieci wybierze automatycznie kt\u00f3ry ma najlepszy zasi\u0119g.<\/p>\n\n\n\n<ol class=\"wp-block-list\" start=\"2\">\n<li>W\u0142\u0105cz roaming danych, oraz dane mobilne aby m\u00f3c korzysta\u0107 z internetu. Pakiet dopiero odlicza od pierwszego polaczenia z siecia w kraju docelowym.<\/li>\n<\/ol>\n\n\n\n<p>Je\u015bli eSIM jest poprawnie wgrany w telefon, i roaming danych jest zezwolony, i pa\u0144stwo przebywa w kraju podr\u00f3\u017cy a telefon nadal sieci nie \u0142apie, wy\u0142\u0105cz i w\u0142\u0105cz telefon.<\/p>\n\n\n\n<p>Pe\u0142ne instrukcje dla r\u00f3\u017cnych telefon\u00f3w<\/p>\n\n\n\n<div class=\"wp-block-buttons is-layout-flex wp-block-buttons-is-layout-flex\">\n<div class=\"wp-block-button\"><a class=\"wp-block-button__link wp-element-button\" href=\"https:\/\/kartyesim.pl\/?page_id=3025\">iPhone<\/a><\/div>\n\n\n\n<div class=\"wp-block-button\"><a class=\"wp-block-button__link wp-element-button\" href=\"https:\/\/kartyesim.pl\/?page_id=3001\">Android<\/a><\/div>\n<\/div>\n","protected":false},"excerpt":{"rendered":"<p>Dzi\u0119kujemy za wyb\u00f3r Karty eSIM PL! W tej instrukcji dowiesz si\u0119, jak skonfigurowa\u0107 swoj\u0105 eSIM i jak z niej korzysta\u0107. Najpierw sprawd\u017a, czy Twoje urz\u0105dzenie obs\u0142uguje eSIM. Nie wszystkie urz\u0105dzenia s\u0105 kompatybilne, odwied\u017a stron\u0119 kompatybilno\u015bci tutaj. Og\u00f3lne kroki instalacji:Telefon musi by\u0107 pod\u0142\u0105czony do sieci Wi-Fi i mie\u0107 dost\u0119p do internetu aby pobra\u0107 dane i ustawienia [&hellip;]<\/p>\n","protected":false},"author":1,"featured_media":0,"parent":0,"menu_order":0,"comment_status":"closed","ping_status":"closed","template":"","meta":{"footnotes":""},"class_list":["post-3034","page","type-page","status-publish","hentry"],"_links":{"self":[{"href":"https:\/\/kartyesim.pl\/index.php?rest_route=\/wp\/v2\/pages\/3034","targetHints":{"allow":["GET"]}}],"collection":[{"href":"https:\/\/kartyesim.pl\/index.php?rest_route=\/wp\/v2\/pages"}],"about":[{"href":"https:\/\/kartyesim.pl\/index.php?rest_route=\/wp\/v2\/types\/page"}],"author":[{"embeddable":true,"href":"https:\/\/kartyesim.pl\/index.php?rest_route=\/wp\/v2\/users\/1"}],"replies":[{"embeddable":true,"href":"https:\/\/kartyesim.pl\/index.php?rest_route=%2Fwp%2Fv2%2Fcomments&post=3034"}],"version-history":[{"count":0,"href":"https:\/\/kartyesim.pl\/index.php?rest_route=\/wp\/v2\/pages\/3034\/revisions"}],"wp:attachment":[{"href":"https:\/\/kartyesim.pl\/index.php?rest_route=%2Fwp%2Fv2%2Fmedia&parent=3034"}],"curies":[{"name":"wp","href":"https:\/\/api.w.org\/{rel}","templated":true}]}}