{"id":3040,"date":"2024-06-27T15:53:59","date_gmt":"2024-06-27T14:53:59","guid":{"rendered":"https:\/\/kartyesim.pl\/?page_id=3040"},"modified":"2024-06-27T15:53:59","modified_gmt":"2024-06-27T14:53:59","slug":"najczesciej-zadawane-pytania","status":"publish","type":"page","link":"https:\/\/kartyesim.pl\/?page_id=3040","title":{"rendered":"Najcz\u0119\u015bciej zadawane pytania"},"content":{"rendered":"\n<div class=\"wp-block-group alignwide is-layout-flow wp-block-group-is-layout-flow\">\n<hr class=\"wp-block-separator has-text-color has-base-color has-alpha-channel-opacity has-base-background-color has-background is-style-wide\"\/>\n\n\n\n<details class=\"wp-block-details is-style-arrow-icon-details has-medium-font-size is-layout-flow wp-block-details-is-layout-flow\" style=\"border-top-style:none;border-top-width:0px;border-right-style:none;border-right-width:0px;border-bottom-color:var(--wp--preset--color--base);border-bottom-style:solid;border-bottom-width:1px;border-left-style:none;border-left-width:0px;margin-top:0\"><summary>Czy m\u00f3j telefon obs\u0142uguje eSIM?<\/summary>\n<p class=\"has-contrast-1-color has-text-color has-link-color wp-elements-622b4264ffe0fe1affd939daab667b87\">Sprawd\u017a <a href=\"https:\/\/kartyesim.pl\/?page_id=2\" data-type=\"page\" data-id=\"2\">tutaj<\/a> list\u0119 telefon\u00f3w, kt\u00f3re obs\u0142uguj\u0105 eSIM.<\/p>\n<\/details>\n\n\n\n<details class=\"wp-block-details is-style-arrow-icon-details has-medium-font-size is-layout-flow wp-block-details-is-layout-flow\" style=\"border-top-style:none;border-top-width:0px;border-right-style:none;border-right-width:0px;border-bottom-color:var(--wp--preset--color--base);border-bottom-style:solid;border-bottom-width:1px;border-left-style:none;border-left-width:0px;margin-top:0\"><summary>Jak zainstalowa\u0107 eSIM?<\/summary>\n<p class=\"has-contrast-1-color has-text-color has-link-color wp-elements-dd71a56b2f8b4f1f2ee707572389488c\">Kliknij <a href=\"https:\/\/kartyesim.pl\/?page_id=3034\" data-type=\"page\" data-id=\"3034\">tutaj<\/a>, aby zobaczy\u0107 instrukcj\u0119 instalacji.<\/p>\n<\/details>\n\n\n\n<details class=\"wp-block-details is-style-arrow-icon-details has-medium-font-size is-layout-flow wp-block-details-is-layout-flow\" style=\"border-top-style:none;border-top-width:0px;border-right-style:none;border-right-width:0px;border-bottom-color:var(--wp--preset--color--base);border-bottom-style:solid;border-bottom-width:1px;border-left-style:none;border-left-width:0px;margin-top:0\"><summary>Kiedy zainstalowa\u0107 eSIM?<\/summary>\n<p class=\"has-contrast-1-color has-text-color has-link-color wp-elements-d952283bbb9ca17d73998dd48e463187\">Zainstaluj eSIM w dniu wyjazdu lub dzie\u0144 wcze\u015bniej , gdy masz jeszcze po\u0142\u0105czenie Wi-Fi lub kom\u00f3rkowe.<\/p>\n<\/details>\n\n\n\n<details class=\"wp-block-details is-style-arrow-icon-details has-medium-font-size is-layout-flow wp-block-details-is-layout-flow\" style=\"border-top-style:none;border-top-width:0px;border-right-style:none;border-right-width:0px;border-bottom-color:var(--wp--preset--color--base);border-bottom-style:solid;border-bottom-width:1px;border-left-style:none;border-left-width:0px;margin-top:0\"><summary>Kiedy zaczynaj\u0105 si\u0119 liczy\u0107 dni pakietu?<\/summary>\n<p class=\"has-contrast-1-color has-text-color has-link-color wp-elements-7900bfa7a4579da6ba1fbd8e10d8937e\">eSIM-y zaczynaj\u0105 odlicza\u0107 dni po dotarciu do kraju docelowego, od pierwszego polaczenia z siecia w kraju docelowym. <\/p>\n<\/details>\n\n\n\n<details class=\"wp-block-details is-style-arrow-icon-details has-medium-font-size is-layout-flow wp-block-details-is-layout-flow\" style=\"border-top-style:none;border-top-width:0px;border-right-style:none;border-right-width:0px;border-bottom-color:var(--wp--preset--color--base);border-bottom-style:solid;border-bottom-width:1px;border-left-style:none;border-left-width:0px;margin-top:0\"><summary>Czy musz\u0119 w\u0142\u0105czy\u0107 roaming?<\/summary>\n<p class=\"has-contrast-1-color has-text-color has-link-color wp-elements-ddf737d8640632734ac3232cc7431123\">Tak, w\u0142\u0105cz ustawienia roamingu, ale tylko dla eSIM, nie dla g\u0142\u00f3wnej karty SIM, aby unikn\u0105\u0107 dodatkowych op\u0142at.<br>iPhone mo\u017cna to w\u0142\u0105czy\u0107, przechodz\u0105c do Ustawienia &gt; Kom\u00f3rka &gt; Opcje danych kom\u00f3rkowych &gt; Roaming &gt; G\u0142os i dane. <br>Android mo\u017cna to w\u0142\u0105czy\u0107, przechodz\u0105c do Ustawienia &gt; Sie\u0107 i internet &gt; Sie\u0107 kom\u00f3rkowa &gt; Zaawansowane &gt; Roaming.<\/p>\n<\/details>\n\n\n\n<details class=\"wp-block-details is-style-arrow-icon-details has-medium-font-size is-layout-flow wp-block-details-is-layout-flow\" style=\"border-top-style:none;border-top-width:0px;border-right-style:none;border-right-width:0px;border-bottom-color:var(--wp--preset--color--base);border-bottom-style:solid;border-bottom-width:1px;border-left-style:none;border-left-width:0px;margin-top:0\"><summary>iMessage przesta\u0142 dzia\u0142a\u0107<\/summary>\n<p class=\"has-contrast-1-color has-text-color has-link-color wp-elements-bbd520e704e3381d3ea31f51fbb79f78\">Sprawd\u017a ustawienia iMessage: Upewnij si\u0119, \u017ce iMessage jest w\u0142\u0105czony, a numer telefonu i e-mail s\u0105 poprawne. Przejd\u017a do Ustawienia &gt; Wiadomo\u015bci &gt; Wy\u015blij i odbierz.<\/p>\n<\/details>\n\n\n\n<details class=\"wp-block-details is-style-arrow-icon-details has-medium-font-size is-layout-flow wp-block-details-is-layout-flow\" style=\"border-top-style:none;border-top-width:0px;border-right-style:none;border-right-width:0px;border-bottom-color:var(--wp--preset--color--base);border-bottom-style:solid;border-bottom-width:1px;border-left-style:none;border-left-width:0px;margin-top:0\"><summary>Czy mog\u0119 usun\u0105\u0107 kart\u0119 eSIM?<\/summary>\n<p class=\"has-contrast-1-color has-text-color has-link-color wp-elements-a20e42532468b8cb5e7ae0e88f429dca\">eSIM przestaje dzia\u0142a\u0107 automatycznie po opuszczeniu kraj\u00f3w obj\u0119tych us\u0142ug\u0105. Mo\u017cesz usun\u0105\u0107 eSIM r\u0119cznie w ustawieniach telefonu. Uwaga karty eSim nie mo\u017cna ponownie wgra\u0107 na innym urz\u0105dzeniu po usuni\u0119ciu. <\/p>\n<\/details>\n\n\n\n<details class=\"wp-block-details is-style-arrow-icon-details has-medium-font-size is-layout-flow wp-block-details-is-layout-flow\" style=\"border-top-style:none;border-top-width:0px;border-right-style:none;border-right-width:0px;border-bottom-color:var(--wp--preset--color--base);border-bottom-style:solid;border-bottom-width:1px;border-left-style:none;border-left-width:0px;margin-top:0\"><summary>Czy mog\u0119 u\u017cywa\u0107 Hotspotu\/Tetheringu?<\/summary>\n<p class=\"has-contrast-1-color has-text-color has-link-color wp-elements-b6a1efdc985c896c6ff47eafa258d48a\">Tak, mo\u017cesz udost\u0119pnia\u0107 dane innym bez ogranicze\u0144 do limitu GB w wykupionym pakiecie.<\/p>\n<\/details>\n\n\n\n<details class=\"wp-block-details is-style-arrow-icon-details has-medium-font-size is-layout-flow wp-block-details-is-layout-flow\" style=\"border-top-style:none;border-top-width:0px;border-right-style:none;border-right-width:0px;border-bottom-color:var(--wp--preset--color--base);border-bottom-style:solid;border-bottom-width:1px;border-left-style:none;border-left-width:0px;margin-top:0\"><summary>Co zrobi\u0107, je\u015bli m\u00f3j telefon jest zablokowany przez operatora?<\/summary>\n<p class=\"has-contrast-1-color has-text-color has-link-color wp-elements-8d5d4d5755809bdc037790ab28a0ddc8\">Skontaktuj si\u0119 z operatorem kom\u00f3rkowym, aby odblokowa\u0107 urz\u0105dzenie. Pami\u0119taj, \u017ce po odblokowaniu obs\u0142uga eSIM mo\u017ce by\u0107 czasowo wy\u0142\u0105czona ze wzgl\u0119d\u00f3w bezpiecze\u0144stwa.<\/p>\n<\/details>\n\n\n\n<details class=\"wp-block-details is-style-arrow-icon-details has-medium-font-size is-layout-flow wp-block-details-is-layout-flow\" style=\"border-top-style:none;border-top-width:0px;border-right-style:none;border-right-width:0px;border-bottom-color:var(--wp--preset--color--base);border-bottom-style:solid;border-bottom-width:1px;border-left-style:none;border-left-width:0px;margin-top:0\"><summary>Czy mog\u0119 zainstalowa\u0107 jedn\u0105 eSIM na kilku urz\u0105dzeniach?<\/summary>\n<p class=\"has-contrast-1-color has-text-color has-link-color wp-elements-b39114d4dc6eff5836aa9964ee608c7f\">Nie, jedna eSIM mo\u017ce by\u0107 zainstalowana tylko na jednym urz\u0105dzeniu. <\/p>\n<\/details>\n\n\n\n<details class=\"wp-block-details is-style-arrow-icon-details has-medium-font-size is-layout-flow wp-block-details-is-layout-flow\" style=\"border-top-style:none;border-top-width:0px;border-right-style:none;border-right-width:0px;border-bottom-color:var(--wp--preset--color--base);border-bottom-style:solid;border-bottom-width:1px;border-left-style:none;border-left-width:0px;margin-top:0\"><summary>&#8222;Ten kod jest ju\u017c niewa\u017cny&#8221; b\u0142\u0105d<\/summary>\n<p>Ten b\u0142\u0105d pojawia si\u0119, gdy kod QR nie zosta\u0142 prawid\u0142owo zeskanowany lub je\u015bli eSIM zosta\u0142a ju\u017c zainstalowana.<\/p>\n\n\n\n<p>Czasami kod QR jest cz\u0119\u015bciowo skanowany z powodu s\u0142abego po\u0142\u0105czenia. Spr\u00f3buj ponownie zeskanowa\u0107 kod, upewniaj\u0105c si\u0119, \u017ce masz dobre po\u0142\u0105czenie sieciowe.<\/p>\n\n\n\n<p>Aby sprawdzi\u0107, czy eSIM jest ju\u017c zainstalowana:<\/p>\n\n\n\n<ol class=\"wp-block-list\">\n<li>Przejd\u017a do <strong>Ustawienia &gt; Og\u00f3lne &gt; To urz\u0105dzenie<\/strong>.<\/li>\n\n\n\n<li>Przewi\u0144 w d\u00f3\u0142 i poszukaj numeru ICCID oraz dodatkowej cyfry w sekcji &#8222;Plany kom\u00f3rkowe&#8221;.<\/li>\n<\/ol>\n<\/details>\n\n\n\n<details class=\"wp-block-details is-style-arrow-icon-details has-medium-font-size is-layout-flow wp-block-details-is-layout-flow\" style=\"border-top-style:none;border-top-width:0px;border-right-style:none;border-right-width:0px;border-bottom-color:var(--wp--preset--color--base);border-bottom-style:solid;border-bottom-width:1px;border-left-style:none;border-left-width:0px;margin-top:0\"><summary>Jak ustawi\u0107 m\u00f3j APN?<\/summary>\n<p class=\"has-contrast-1-color has-text-color has-link-color wp-elements-999802086f775ef76752bb0e8708f9e8\">Wszystkie nasze eSIM maj\u0105 automatycznie ustawion\u0105 nazw\u0119 punktu dost\u0119pu (APN), wi\u0119c r\u0119czne programowanie nie jest konieczne.<\/p>\n<\/details>\n<\/div>\n","protected":false},"excerpt":{"rendered":"","protected":false},"author":1,"featured_media":0,"parent":0,"menu_order":0,"comment_status":"closed","ping_status":"closed","template":"","meta":{"footnotes":""},"class_list":["post-3040","page","type-page","status-publish","hentry"],"_links":{"self":[{"href":"https:\/\/kartyesim.pl\/index.php?rest_route=\/wp\/v2\/pages\/3040","targetHints":{"allow":["GET"]}}],"collection":[{"href":"https:\/\/kartyesim.pl\/index.php?rest_route=\/wp\/v2\/pages"}],"about":[{"href":"https:\/\/kartyesim.pl\/index.php?rest_route=\/wp\/v2\/types\/page"}],"author":[{"embeddable":true,"href":"https:\/\/kartyesim.pl\/index.php?rest_route=\/wp\/v2\/users\/1"}],"replies":[{"embeddable":true,"href":"https:\/\/kartyesim.pl\/index.php?rest_route=%2Fwp%2Fv2%2Fcomments&post=3040"}],"version-history":[{"count":0,"href":"https:\/\/kartyesim.pl\/index.php?rest_route=\/wp\/v2\/pages\/3040\/revisions"}],"wp:attachment":[{"href":"https:\/\/kartyesim.pl\/index.php?rest_route=%2Fwp%2Fv2%2Fmedia&parent=3040"}],"curies":[{"name":"wp","href":"https:\/\/api.w.org\/{rel}","templated":true}]}}