{"id":7,"date":"2024-06-21T15:32:21","date_gmt":"2024-06-21T15:32:21","guid":{"rendered":"https:\/\/kartyesim.pl\/?page_id=7"},"modified":"2024-06-22T19:56:58","modified_gmt":"2024-06-22T18:56:58","slug":"cart","status":"publish","type":"page","link":"https:\/\/kartyesim.pl\/?page_id=7","title":{"rendered":"Koszyk"},"content":{"rendered":"\n<div data-block-name=\"woocommerce\/cart\" class=\"wp-block-woocommerce-cart alignwide is-loading\">\n<div data-block-name=\"woocommerce\/filled-cart-block\" class=\"wp-block-woocommerce-filled-cart-block\">\n<div data-block-name=\"woocommerce\/cart-items-block\" class=\"wp-block-woocommerce-cart-items-block\">\n<div data-block-name=\"woocommerce\/cart-line-items-block\" class=\"wp-block-woocommerce-cart-line-items-block\"><\/div>\n\n\n\n<div data-block-name=\"woocommerce\/cart-cross-sells-block\" class=\"wp-block-woocommerce-cart-cross-sells-block\">\n<h2 class=\"wp-block-heading has-large-font-size\">Mo\u017ce ci\u0119 zainteresowa\u0107\u2026<\/h2>\n\n\n\n<div data-block-name=\"woocommerce\/cart-cross-sells-products-block\" class=\"wp-block-woocommerce-cart-cross-sells-products-block\"><\/div>\n<\/div>\n<\/div>\n\n\n\n<div data-block-name=\"woocommerce\/cart-totals-block\" class=\"wp-block-woocommerce-cart-totals-block\">\n<div data-block-name=\"woocommerce\/cart-order-summary-block\" class=\"wp-block-woocommerce-cart-order-summary-block\">\n<div data-block-name=\"woocommerce\/cart-order-summary-heading-block\" class=\"wp-block-woocommerce-cart-order-summary-heading-block\"><\/div>\n\n\n\n<div data-block-name=\"woocommerce\/cart-order-summary-coupon-form-block\" class=\"wp-block-woocommerce-cart-order-summary-coupon-form-block\"><\/div>\n\n\n\n<div data-block-name=\"woocommerce\/cart-order-summary-totals-block\" class=\"wp-block-woocommerce-cart-order-summary-totals-block\">\n<div data-block-name=\"woocommerce\/cart-order-summary-subtotal-block\" class=\"wp-block-woocommerce-cart-order-summary-subtotal-block\"><\/div>\n\n\n\n<div data-block-name=\"woocommerce\/cart-order-summary-fee-block\" class=\"wp-block-woocommerce-cart-order-summary-fee-block\"><\/div>\n\n\n\n<div data-block-name=\"woocommerce\/cart-order-summary-discount-block\" class=\"wp-block-woocommerce-cart-order-summary-discount-block\"><\/div>\n\n\n\n<div data-block-name=\"woocommerce\/cart-order-summary-shipping-block\" class=\"wp-block-woocommerce-cart-order-summary-shipping-block\"><\/div>\n\n\n\n<div data-block-name=\"woocommerce\/cart-order-summary-taxes-block\" class=\"wp-block-woocommerce-cart-order-summary-taxes-block\"><\/div>\n<\/div>\n<\/div>\n\n\n\n<div data-block-name=\"woocommerce\/cart-express-payment-block\" class=\"wp-block-woocommerce-cart-express-payment-block\"><\/div>\n\n\n\n<div data-block-name=\"woocommerce\/proceed-to-checkout-block\" data-button-label=\"kup\" class=\"wp-block-woocommerce-proceed-to-checkout-block\"><\/div>\n\n\n\n<div data-block-name=\"woocommerce\/cart-accepted-payment-methods-block\" class=\"wp-block-woocommerce-cart-accepted-payment-methods-block\"><\/div>\n<\/div>\n<\/div>\n\n\n\n<div data-block-name=\"woocommerce\/empty-cart-block\" class=\"wp-block-woocommerce-empty-cart-block\">\n<h2 class=\"wp-block-heading has-text-align-center with-empty-cart-icon wc-block-cart__empty-cart__title\">Koszyk jest pusty!<\/h2>\n\n\n\n<hr class=\"wp-block-separator has-alpha-channel-opacity is-style-dots\"\/>\n\n\n\n<h2 class=\"wp-block-heading has-text-align-center\">Nowe eSim<\/h2>\n\n\n<div data-block-name=\"woocommerce\/product-new\" data-columns=\"5\" data-rows=\"2\" class=\"wc-block-grid wp-block-product-new wp-block-woocommerce-product-new wc-block-product-new has-5-columns has-multiple-rows\"><ul class=\"wc-block-grid__products\"><li class=\"wc-block-grid__product\">\n\t\t\t\t<a href=\"https:\/\/kartyesim.pl\/?product=europa-40-obszarow\" class=\"wc-block-grid__product-link\">\n\t\t\t\t\t\n\t\t\t\t\t<div class=\"wc-block-grid__product-image\"><img loading=\"lazy\" decoding=\"async\" width=\"300\" height=\"300\" src=\"https:\/\/kartyesim.pl\/wp-content\/uploads\/2024\/06\/Screen-Shot-2024-06-25-at-4.49.43-PM-300x300.png\" class=\"attachment-woocommerce_thumbnail size-woocommerce_thumbnail\" alt=\"Europa 40+ obszar\u00f3w\" srcset=\"https:\/\/kartyesim.pl\/wp-content\/uploads\/2024\/06\/Screen-Shot-2024-06-25-at-4.49.43-PM-300x300.png 300w, https:\/\/kartyesim.pl\/wp-content\/uploads\/2024\/06\/Screen-Shot-2024-06-25-at-4.49.43-PM-150x150.png 150w, https:\/\/kartyesim.pl\/wp-content\/uploads\/2024\/06\/Screen-Shot-2024-06-25-at-4.49.43-PM-100x100.png 100w\" sizes=\"auto, (max-width: 300px) 100vw, 300px\" \/><\/div>\n\t\t\t\t\t<div class=\"wc-block-grid__product-title\">Europa 40+ obszar\u00f3w<\/div>\n\t\t\t\t<\/a>\n\t\t\t\t<div class=\"wc-block-grid__product-price price\"><span class=\"woocommerce-Price-amount amount\" aria-hidden=\"true\"><span class=\"woocommerce-Price-currencySymbol\">&#036;<\/span>4.99<\/span> <span aria-hidden=\"true\">&ndash;<\/span> <span class=\"woocommerce-Price-amount amount\" aria-hidden=\"true\"><span class=\"woocommerce-Price-currencySymbol\">&#036;<\/span>145.99<\/span><span class=\"screen-reader-text\">Zakres cen: od &#036;4.99 do &#036;145.99<\/span><\/div>\n\t\t\t\t\n\t\t\t\t<div class=\"wp-block-button wc-block-grid__product-add-to-cart\"><a href=\"https:\/\/kartyesim.pl\/?product=europa-40-obszarow\" aria-label=\"Wybierz opcje dla &bdquo;Europa 40+ obszar\u00f3w&rdquo;\" data-quantity=\"1\" data-product_id=\"3088\" data-product_sku=\"EUR-OP\" data-price=\"4.99\" rel=\"nofollow\" class=\"wp-block-button__link wp-element-button add_to_cart_button\">Wybierz opcje<\/a><\/div>\n\t\t\t<\/li><li class=\"wc-block-grid__product\">\n\t\t\t\t<a href=\"https:\/\/kartyesim.pl\/?product=swiat-plan-globalny-138-6-gb-15-dni\" class=\"wc-block-grid__product-link\">\n\t\t\t\t\t<div class=\"wc-block-grid__product-onsale\">\n\t\t\t<span aria-hidden=\"true\">Promocja<\/span>\n\t\t\t<span class=\"screen-reader-text\">Produkt w promocji<\/span>\n\t\t<\/div>\n\t\t\t\t\t<div class=\"wc-block-grid__product-image\"><img loading=\"lazy\" decoding=\"async\" width=\"300\" height=\"300\" src=\"https:\/\/kartyesim.pl\/wp-content\/uploads\/2024\/06\/Screen-Shot-2024-06-25-at-4.49.43-PM-300x300.png\" class=\"attachment-woocommerce_thumbnail size-woocommerce_thumbnail\" alt=\"\u015awiat  \/ Plan Globalny  6 GB 15 dni\" srcset=\"https:\/\/kartyesim.pl\/wp-content\/uploads\/2024\/06\/Screen-Shot-2024-06-25-at-4.49.43-PM-300x300.png 300w, https:\/\/kartyesim.pl\/wp-content\/uploads\/2024\/06\/Screen-Shot-2024-06-25-at-4.49.43-PM-150x150.png 150w, https:\/\/kartyesim.pl\/wp-content\/uploads\/2024\/06\/Screen-Shot-2024-06-25-at-4.49.43-PM-100x100.png 100w\" sizes=\"auto, (max-width: 300px) 100vw, 300px\" \/><\/div>\n\t\t\t\t\t<div class=\"wc-block-grid__product-title\">\u015awiat  \/ Plan Globalny  6 GB 15 dni<\/div>\n\t\t\t\t<\/a>\n\t\t\t\t<div class=\"wc-block-grid__product-price price\"><del aria-hidden=\"true\"><span class=\"woocommerce-Price-amount amount\"><span class=\"woocommerce-Price-currencySymbol\">&#036;<\/span>59.99<\/span><\/del> <span class=\"screen-reader-text\">Pierwotna cena wynosi\u0142a: &#036;59.99.<\/span><ins aria-hidden=\"true\"><span class=\"woocommerce-Price-amount amount\"><span class=\"woocommerce-Price-currencySymbol\">&#036;<\/span>49.99<\/span><\/ins><span class=\"screen-reader-text\">Aktualna cena wynosi: &#036;49.99.<\/span><\/div>\n\t\t\t\t\n\t\t\t\t<div class=\"wp-block-button wc-block-grid__product-add-to-cart\"><a href=\"\/index.php?rest_route=%2Fwp%2Fv2%2Fpages%2F7&#038;add-to-cart=2359\" aria-label=\"Dodaj do koszyka: &bdquo;\u015awiat  \/ Plan Globalny  6 GB 15 dni&rdquo;\" data-quantity=\"1\" data-product_id=\"2359\" data-product_sku=\"GL-144_6_15\" data-price=\"49.99\" rel=\"nofollow\" class=\"wp-block-button__link wp-element-button add_to_cart_button ajax_add_to_cart\">Dodaj do koszyka<\/a><\/div>\n\t\t\t<\/li><li class=\"wc-block-grid__product\">\n\t\t\t\t<a href=\"https:\/\/kartyesim.pl\/?product=azja-i-pacyfik-6-gb-8-dni\" class=\"wc-block-grid__product-link\">\n\t\t\t\t\t<div class=\"wc-block-grid__product-onsale\">\n\t\t\t<span aria-hidden=\"true\">Promocja<\/span>\n\t\t\t<span class=\"screen-reader-text\">Produkt w promocji<\/span>\n\t\t<\/div>\n\t\t\t\t\t<div class=\"wc-block-grid__product-image\"><img loading=\"lazy\" decoding=\"async\" width=\"300\" height=\"300\" src=\"https:\/\/kartyesim.pl\/wp-content\/uploads\/2024\/06\/Screen-Shot-2024-06-25-at-4.30.04-PM-300x300.png\" class=\"attachment-woocommerce_thumbnail size-woocommerce_thumbnail\" alt=\"Azja i Pacyfik 6 GB 8 dni\" srcset=\"https:\/\/kartyesim.pl\/wp-content\/uploads\/2024\/06\/Screen-Shot-2024-06-25-at-4.30.04-PM-300x300.png 300w, https:\/\/kartyesim.pl\/wp-content\/uploads\/2024\/06\/Screen-Shot-2024-06-25-at-4.30.04-PM-150x150.png 150w, https:\/\/kartyesim.pl\/wp-content\/uploads\/2024\/06\/Screen-Shot-2024-06-25-at-4.30.04-PM-768x767.png 768w, https:\/\/kartyesim.pl\/wp-content\/uploads\/2024\/06\/Screen-Shot-2024-06-25-at-4.30.04-PM-600x599.png 600w, https:\/\/kartyesim.pl\/wp-content\/uploads\/2024\/06\/Screen-Shot-2024-06-25-at-4.30.04-PM-100x100.png 100w, https:\/\/kartyesim.pl\/wp-content\/uploads\/2024\/06\/Screen-Shot-2024-06-25-at-4.30.04-PM.png 772w\" sizes=\"auto, (max-width: 300px) 100vw, 300px\" \/><\/div>\n\t\t\t\t\t<div class=\"wc-block-grid__product-title\">Azja i Pacyfik 6 GB 8 dni<\/div>\n\t\t\t\t<\/a>\n\t\t\t\t<div class=\"wc-block-grid__product-price price\"><del aria-hidden=\"true\"><span class=\"woocommerce-Price-amount amount\"><span class=\"woocommerce-Price-currencySymbol\">&#036;<\/span>27.99<\/span><\/del> <span class=\"screen-reader-text\">Pierwotna cena wynosi\u0142a: &#036;27.99.<\/span><ins aria-hidden=\"true\"><span class=\"woocommerce-Price-amount amount\"><span class=\"woocommerce-Price-currencySymbol\">&#036;<\/span>24.99<\/span><\/ins><span class=\"screen-reader-text\">Aktualna cena wynosi: &#036;24.99.<\/span><\/div>\n\t\t\t\t\n\t\t\t\t<div class=\"wp-block-button wc-block-grid__product-add-to-cart\"><a href=\"\/index.php?rest_route=%2Fwp%2Fv2%2Fpages%2F7&#038;add-to-cart=2343\" aria-label=\"Dodaj do koszyka: &bdquo;Azja i Pacyfik 6 GB 8 dni&rdquo;\" data-quantity=\"1\" data-product_id=\"2343\" data-product_sku=\"AS-31_6_8\" data-price=\"24.99\" rel=\"nofollow\" class=\"wp-block-button__link wp-element-button add_to_cart_button ajax_add_to_cart\">Dodaj do koszyka<\/a><\/div>\n\t\t\t<\/li><li class=\"wc-block-grid__product\">\n\t\t\t\t<a href=\"https:\/\/kartyesim.pl\/?product=zambia\" class=\"wc-block-grid__product-link\">\n\t\t\t\t\t\n\t\t\t\t\t<div class=\"wc-block-grid__product-image\"><img loading=\"lazy\" decoding=\"async\" width=\"300\" height=\"300\" src=\"https:\/\/kartyesim.pl\/wp-content\/uploads\/2024\/06\/zm-1-300x300.png\" class=\"attachment-woocommerce_thumbnail size-woocommerce_thumbnail\" alt=\"Zambia\" srcset=\"https:\/\/kartyesim.pl\/wp-content\/uploads\/2024\/06\/zm-1-300x300.png 300w, https:\/\/kartyesim.pl\/wp-content\/uploads\/2024\/06\/zm-1-150x150.png 150w, https:\/\/kartyesim.pl\/wp-content\/uploads\/2024\/06\/zm-1-100x100.png 100w\" sizes=\"auto, (max-width: 300px) 100vw, 300px\" \/><\/div>\n\t\t\t\t\t<div class=\"wc-block-grid__product-title\">Zambia<\/div>\n\t\t\t\t<\/a>\n\t\t\t\t<div class=\"wc-block-grid__product-price price\"><span class=\"woocommerce-Price-amount amount\" aria-hidden=\"true\"><span class=\"woocommerce-Price-currencySymbol\">&#036;<\/span>15.99<\/span> <span aria-hidden=\"true\">&ndash;<\/span> <span class=\"woocommerce-Price-amount amount\" aria-hidden=\"true\"><span class=\"woocommerce-Price-currencySymbol\">&#036;<\/span>49.99<\/span><span class=\"screen-reader-text\">Zakres cen: od &#036;15.99 do &#036;49.99<\/span><\/div>\n\t\t\t\t\n\t\t\t\t<div class=\"wp-block-button wc-block-grid__product-add-to-cart\"><a href=\"https:\/\/kartyesim.pl\/?product=zambia\" aria-label=\"Wybierz opcje dla &bdquo;Zambia&rdquo;\" data-quantity=\"1\" data-product_id=\"2321\" data-product_sku=\"zm_zone\" data-price=\"15.99\" rel=\"nofollow\" class=\"wp-block-button__link wp-element-button add_to_cart_button\">Wybierz opcje<\/a><\/div>\n\t\t\t<\/li><li class=\"wc-block-grid__product\">\n\t\t\t\t<a href=\"https:\/\/kartyesim.pl\/?product=poludniowa-afryka\" class=\"wc-block-grid__product-link\">\n\t\t\t\t\t\n\t\t\t\t\t<div class=\"wc-block-grid__product-image\"><img loading=\"lazy\" decoding=\"async\" width=\"300\" height=\"300\" src=\"https:\/\/kartyesim.pl\/wp-content\/uploads\/2024\/06\/za-1-300x300.png\" class=\"attachment-woocommerce_thumbnail size-woocommerce_thumbnail\" alt=\"Po\u0142udniowa Afryka\" srcset=\"https:\/\/kartyesim.pl\/wp-content\/uploads\/2024\/06\/za-1-300x300.png 300w, https:\/\/kartyesim.pl\/wp-content\/uploads\/2024\/06\/za-1-150x150.png 150w, https:\/\/kartyesim.pl\/wp-content\/uploads\/2024\/06\/za-1-100x100.png 100w\" sizes=\"auto, (max-width: 300px) 100vw, 300px\" \/><\/div>\n\t\t\t\t\t<div class=\"wc-block-grid__product-title\">Po\u0142udniowa Afryka<\/div>\n\t\t\t\t<\/a>\n\t\t\t\t<div class=\"wc-block-grid__product-price price\"><span class=\"woocommerce-Price-amount amount\" aria-hidden=\"true\"><span class=\"woocommerce-Price-currencySymbol\">&#036;<\/span>15.99<\/span> <span aria-hidden=\"true\">&ndash;<\/span> <span class=\"woocommerce-Price-amount amount\" aria-hidden=\"true\"><span class=\"woocommerce-Price-currencySymbol\">&#036;<\/span>147.99<\/span><span class=\"screen-reader-text\">Zakres cen: od &#036;15.99 do &#036;147.99<\/span><\/div>\n\t\t\t\t\n\t\t\t\t<div class=\"wp-block-button wc-block-grid__product-add-to-cart\"><a href=\"https:\/\/kartyesim.pl\/?product=poludniowa-afryka\" aria-label=\"Wybierz opcje dla &bdquo;Po\u0142udniowa Afryka&rdquo;\" data-quantity=\"1\" data-product_id=\"2320\" data-product_sku=\"za_zone\" data-price=\"15.99\" rel=\"nofollow\" class=\"wp-block-button__link wp-element-button add_to_cart_button\">Wybierz opcje<\/a><\/div>\n\t\t\t<\/li><li class=\"wc-block-grid__product\">\n\t\t\t\t<a href=\"https:\/\/kartyesim.pl\/?product=kosowo\" class=\"wc-block-grid__product-link\">\n\t\t\t\t\t\n\t\t\t\t\t<div class=\"wc-block-grid__product-image\"><img loading=\"lazy\" decoding=\"async\" width=\"300\" height=\"300\" src=\"https:\/\/kartyesim.pl\/wp-content\/uploads\/2024\/06\/xk-1-300x300.png\" class=\"attachment-woocommerce_thumbnail size-woocommerce_thumbnail\" alt=\"Kosowo\" srcset=\"https:\/\/kartyesim.pl\/wp-content\/uploads\/2024\/06\/xk-1-300x300.png 300w, https:\/\/kartyesim.pl\/wp-content\/uploads\/2024\/06\/xk-1-150x150.png 150w, https:\/\/kartyesim.pl\/wp-content\/uploads\/2024\/06\/xk-1-100x100.png 100w\" sizes=\"auto, (max-width: 300px) 100vw, 300px\" \/><\/div>\n\t\t\t\t\t<div class=\"wc-block-grid__product-title\">Kosowo<\/div>\n\t\t\t\t<\/a>\n\t\t\t\t<div class=\"wc-block-grid__product-price price\"><span class=\"woocommerce-Price-amount amount\" aria-hidden=\"true\"><span class=\"woocommerce-Price-currencySymbol\">&#036;<\/span>27.99<\/span> <span aria-hidden=\"true\">&ndash;<\/span> <span class=\"woocommerce-Price-amount amount\" aria-hidden=\"true\"><span class=\"woocommerce-Price-currencySymbol\">&#036;<\/span>64.99<\/span><span class=\"screen-reader-text\">Zakres cen: od &#036;27.99 do &#036;64.99<\/span><\/div>\n\t\t\t\t\n\t\t\t\t<div class=\"wp-block-button wc-block-grid__product-add-to-cart\"><a href=\"https:\/\/kartyesim.pl\/?product=kosowo\" aria-label=\"Wybierz opcje dla &bdquo;Kosowo&rdquo;\" data-quantity=\"1\" data-product_id=\"2319\" data-product_sku=\"xk_zone\" data-price=\"27.99\" rel=\"nofollow\" class=\"wp-block-button__link wp-element-button add_to_cart_button\">Wybierz opcje<\/a><\/div>\n\t\t\t<\/li><li class=\"wc-block-grid__product\">\n\t\t\t\t<a href=\"https:\/\/kartyesim.pl\/?product=samoa\" class=\"wc-block-grid__product-link\">\n\t\t\t\t\t\n\t\t\t\t\t<div class=\"wc-block-grid__product-image\"><img loading=\"lazy\" decoding=\"async\" width=\"300\" height=\"300\" src=\"https:\/\/kartyesim.pl\/wp-content\/uploads\/2024\/06\/ws-1-300x300.png\" class=\"attachment-woocommerce_thumbnail size-woocommerce_thumbnail\" alt=\"Samoa\" srcset=\"https:\/\/kartyesim.pl\/wp-content\/uploads\/2024\/06\/ws-1-300x300.png 300w, https:\/\/kartyesim.pl\/wp-content\/uploads\/2024\/06\/ws-1-150x150.png 150w, https:\/\/kartyesim.pl\/wp-content\/uploads\/2024\/06\/ws-1-100x100.png 100w\" sizes=\"auto, (max-width: 300px) 100vw, 300px\" \/><\/div>\n\t\t\t\t\t<div class=\"wc-block-grid__product-title\">Samoa<\/div>\n\t\t\t\t<\/a>\n\t\t\t\t<div class=\"wc-block-grid__product-price price\"><span class=\"woocommerce-Price-amount amount\" aria-hidden=\"true\"><span class=\"woocommerce-Price-currencySymbol\">&#036;<\/span>34.99<\/span> <span aria-hidden=\"true\">&ndash;<\/span> <span class=\"woocommerce-Price-amount amount\" aria-hidden=\"true\"><span class=\"woocommerce-Price-currencySymbol\">&#036;<\/span>121.99<\/span><span class=\"screen-reader-text\">Zakres cen: od &#036;34.99 do &#036;121.99<\/span><\/div>\n\t\t\t\t\n\t\t\t\t<div class=\"wp-block-button wc-block-grid__product-add-to-cart\"><a href=\"https:\/\/kartyesim.pl\/?product=samoa\" aria-label=\"Wybierz opcje dla &bdquo;Samoa&rdquo;\" data-quantity=\"1\" data-product_id=\"2318\" data-product_sku=\"ws_zone\" data-price=\"34.99\" rel=\"nofollow\" class=\"wp-block-button__link wp-element-button add_to_cart_button\">Wybierz opcje<\/a><\/div>\n\t\t\t<\/li><li class=\"wc-block-grid__product\">\n\t\t\t\t<a href=\"https:\/\/kartyesim.pl\/?product=vanuatu\" class=\"wc-block-grid__product-link\">\n\t\t\t\t\t\n\t\t\t\t\t<div class=\"wc-block-grid__product-image\"><img loading=\"lazy\" decoding=\"async\" width=\"300\" height=\"300\" src=\"https:\/\/kartyesim.pl\/wp-content\/uploads\/2024\/06\/vu-1-300x300.png\" class=\"attachment-woocommerce_thumbnail size-woocommerce_thumbnail\" alt=\"Vanuatu\" srcset=\"https:\/\/kartyesim.pl\/wp-content\/uploads\/2024\/06\/vu-1-300x300.png 300w, https:\/\/kartyesim.pl\/wp-content\/uploads\/2024\/06\/vu-1-150x150.png 150w, https:\/\/kartyesim.pl\/wp-content\/uploads\/2024\/06\/vu-1-100x100.png 100w\" sizes=\"auto, (max-width: 300px) 100vw, 300px\" \/><\/div>\n\t\t\t\t\t<div class=\"wc-block-grid__product-title\">Vanuatu<\/div>\n\t\t\t\t<\/a>\n\t\t\t\t<div class=\"wc-block-grid__product-price price\"><\/div>\n\t\t\t\t\n\t\t\t\t<div class=\"wp-block-button wc-block-grid__product-add-to-cart\"><a href=\"https:\/\/kartyesim.pl\/?product=vanuatu\" aria-label=\"Wybierz opcje dla &bdquo;Vanuatu&rdquo;\" data-quantity=\"1\" data-product_id=\"2317\" data-product_sku=\"vu_zone\" data-price=\"0\" rel=\"nofollow\" class=\"wp-block-button__link wp-element-button add_to_cart_button\">Dowiedz si\u0119 wi\u0119cej<\/a><\/div>\n\t\t\t<\/li><li class=\"wc-block-grid__product\">\n\t\t\t\t<a href=\"https:\/\/kartyesim.pl\/?product=wietnam\" class=\"wc-block-grid__product-link\">\n\t\t\t\t\t\n\t\t\t\t\t<div class=\"wc-block-grid__product-image\"><img loading=\"lazy\" decoding=\"async\" width=\"300\" height=\"300\" src=\"https:\/\/kartyesim.pl\/wp-content\/uploads\/2024\/06\/vn-1-300x300.png\" class=\"attachment-woocommerce_thumbnail size-woocommerce_thumbnail\" alt=\"Wietnam\" srcset=\"https:\/\/kartyesim.pl\/wp-content\/uploads\/2024\/06\/vn-1-300x300.png 300w, https:\/\/kartyesim.pl\/wp-content\/uploads\/2024\/06\/vn-1-150x150.png 150w, https:\/\/kartyesim.pl\/wp-content\/uploads\/2024\/06\/vn-1-100x100.png 100w\" sizes=\"auto, (max-width: 300px) 100vw, 300px\" \/><\/div>\n\t\t\t\t\t<div class=\"wc-block-grid__product-title\">Wietnam<\/div>\n\t\t\t\t<\/a>\n\t\t\t\t<div class=\"wc-block-grid__product-price price\"><span class=\"woocommerce-Price-amount amount\" aria-hidden=\"true\"><span class=\"woocommerce-Price-currencySymbol\">&#036;<\/span>4.99<\/span> <span aria-hidden=\"true\">&ndash;<\/span> <span class=\"woocommerce-Price-amount amount\" aria-hidden=\"true\"><span class=\"woocommerce-Price-currencySymbol\">&#036;<\/span>84.99<\/span><span class=\"screen-reader-text\">Zakres cen: od &#036;4.99 do &#036;84.99<\/span><\/div>\n\t\t\t\t\n\t\t\t\t<div class=\"wp-block-button wc-block-grid__product-add-to-cart\"><a href=\"https:\/\/kartyesim.pl\/?product=wietnam\" aria-label=\"Wybierz opcje dla &bdquo;Wietnam&rdquo;\" data-quantity=\"1\" data-product_id=\"2316\" data-product_sku=\"vn_zone\" data-price=\"4.99\" rel=\"nofollow\" class=\"wp-block-button__link wp-element-button add_to_cart_button\">Wybierz opcje<\/a><\/div>\n\t\t\t<\/li><li class=\"wc-block-grid__product\">\n\t\t\t\t<a href=\"https:\/\/kartyesim.pl\/?product=uzbekistan\" class=\"wc-block-grid__product-link\">\n\t\t\t\t\t\n\t\t\t\t\t<div class=\"wc-block-grid__product-image\"><img loading=\"lazy\" decoding=\"async\" width=\"300\" height=\"300\" src=\"https:\/\/kartyesim.pl\/wp-content\/uploads\/2024\/06\/uz-1-300x300.png\" class=\"attachment-woocommerce_thumbnail size-woocommerce_thumbnail\" alt=\"Uzbekistan\" srcset=\"https:\/\/kartyesim.pl\/wp-content\/uploads\/2024\/06\/uz-1-300x300.png 300w, https:\/\/kartyesim.pl\/wp-content\/uploads\/2024\/06\/uz-1-150x150.png 150w, https:\/\/kartyesim.pl\/wp-content\/uploads\/2024\/06\/uz-1-100x100.png 100w\" sizes=\"auto, (max-width: 300px) 100vw, 300px\" \/><\/div>\n\t\t\t\t\t<div class=\"wc-block-grid__product-title\">Uzbekistan<\/div>\n\t\t\t\t<\/a>\n\t\t\t\t<div class=\"wc-block-grid__product-price price\"><span class=\"woocommerce-Price-amount amount\" aria-hidden=\"true\"><span class=\"woocommerce-Price-currencySymbol\">&#036;<\/span>4.99<\/span> <span aria-hidden=\"true\">&ndash;<\/span> <span class=\"woocommerce-Price-amount amount\" aria-hidden=\"true\"><span class=\"woocommerce-Price-currencySymbol\">&#036;<\/span>19.99<\/span><span class=\"screen-reader-text\">Zakres cen: od &#036;4.99 do &#036;19.99<\/span><\/div>\n\t\t\t\t\n\t\t\t\t<div class=\"wp-block-button wc-block-grid__product-add-to-cart\"><a href=\"https:\/\/kartyesim.pl\/?product=uzbekistan\" aria-label=\"Wybierz opcje dla &bdquo;Uzbekistan&rdquo;\" data-quantity=\"1\" data-product_id=\"2315\" data-product_sku=\"uz_zone\" data-price=\"4.99\" rel=\"nofollow\" class=\"wp-block-button__link wp-element-button add_to_cart_button\">Wybierz opcje<\/a><\/div>\n\t\t\t<\/li><\/ul><\/div><\/div>\n<\/div>\n","protected":false},"excerpt":{"rendered":"","protected":false},"author":1,"featured_media":0,"parent":0,"menu_order":0,"comment_status":"closed","ping_status":"closed","template":"","meta":{"footnotes":""},"class_list":["post-7","page","type-page","status-publish","hentry"],"_links":{"self":[{"href":"https:\/\/kartyesim.pl\/index.php?rest_route=\/wp\/v2\/pages\/7","targetHints":{"allow":["GET"]}}],"collection":[{"href":"https:\/\/kartyesim.pl\/index.php?rest_route=\/wp\/v2\/pages"}],"about":[{"href":"https:\/\/kartyesim.pl\/index.php?rest_route=\/wp\/v2\/types\/page"}],"author":[{"embeddable":true,"href":"https:\/\/kartyesim.pl\/index.php?rest_route=\/wp\/v2\/users\/1"}],"replies":[{"embeddable":true,"href":"https:\/\/kartyesim.pl\/index.php?rest_route=%2Fwp%2Fv2%2Fcomments&post=7"}],"version-history":[{"count":0,"href":"https:\/\/kartyesim.pl\/index.php?rest_route=\/wp\/v2\/pages\/7\/revisions"}],"wp:attachment":[{"href":"https:\/\/kartyesim.pl\/index.php?rest_route=%2Fwp%2Fv2%2Fmedia&parent=7"}],"curies":[{"name":"wp","href":"https:\/\/api.w.org\/{rel}","templated":true}]}}