{"id":2172,"date":"2024-06-24T15:06:38","date_gmt":"2024-06-24T14:06:38","guid":{"rendered":"https:\/\/kartyesim.pl\/?post_type=product&#038;p=2172"},"modified":"2024-06-27T21:46:38","modified_gmt":"2024-06-27T20:46:38","slug":"zjednoczone-emiraty-arabskie-uae","status":"publish","type":"product","link":"https:\/\/kartyesim.pl\/?product=zjednoczone-emiraty-arabskie-uae","title":{"rendered":"Zjednoczone Emiraty Arabskie UAE"},"content":{"rendered":"<p>eSIM z pakietem internetowym, bez mo\u017cliwo\u015bci odbierania SMS-\u00f3w ani wykonywania po\u0142\u0105cze\u0144 telefonicznych.<\/p>\n<p>Nale\u017cy wykorzysta\u0107 eSIM w ci\u0105gu 180 dni od zakupu.<\/p>\n<p>Pr\u0119dko\u015b\u0107 transferu 4G \/ LTE \/ 5G zale\u017cy od zasi\u0119gu operatora.<br \/>Hotspot: TAK<br \/>E<span style=\"font-family: var(--wp--preset--font-family--system-font)\">tisalat:<\/span><span style=\"font-family: var(--wp--preset--font-family--system-font)\">\u00a0LTE \/ 4G \/ 5G<\/span><\/p>\n<p>dobry zasi\u0119g w ca\u0142ym rejonie, szczeg\u00f3lnie: Dubaj, Abu Zabi, Sharjah, Al Ain, Ajman, Ras Al Khaimah, Fujairah, Umm Al Quwain, Khor Fakkan i Kalba.<\/p>\n","protected":false},"excerpt":{"rendered":"<ul>eSIM z internetem mobilnym. Dzia\u0142a na wszystkich odblokowanych urz\u0105dzeniach obs\u0142uguj\u0105cych eSIM. eSIM jest wysy\u0142any natychmiast po op\u0142aceniu zam\u00f3wienia. Kod QR wysy\u0142amy na podany e-mail.<\/ul>\n","protected":false},"featured_media":104,"template":"","meta":[],"product_brand":[],"product_cat":[20],"product_tag":[186,185,21],"class_list":{"0":"post-2172","1":"product","2":"type-product","3":"status-publish","4":"has-post-thumbnail","6":"product_cat-single","7":"product_tag-dubai","8":"product_tag-dubaj","9":"product_tag-united-arab-emirates","11":"first","12":"instock","13":"featured","14":"sold-individually","15":"shipping-taxable","16":"purchasable","17":"product-type-variable"},"_links":{"self":[{"href":"https:\/\/kartyesim.pl\/index.php?rest_route=\/wp\/v2\/product\/2172","targetHints":{"allow":["GET"]}}],"collection":[{"href":"https:\/\/kartyesim.pl\/index.php?rest_route=\/wp\/v2\/product"}],"about":[{"href":"https:\/\/kartyesim.pl\/index.php?rest_route=\/wp\/v2\/types\/product"}],"wp:featuredmedia":[{"embeddable":true,"href":"https:\/\/kartyesim.pl\/index.php?rest_route=\/wp\/v2\/media\/104"}],"wp:attachment":[{"href":"https:\/\/kartyesim.pl\/index.php?rest_route=%2Fwp%2Fv2%2Fmedia&parent=2172"}],"wp:term":[{"taxonomy":"product_brand","embeddable":true,"href":"https:\/\/kartyesim.pl\/index.php?rest_route=%2Fwp%2Fv2%2Fproduct_brand&post=2172"},{"taxonomy":"product_cat","embeddable":true,"href":"https:\/\/kartyesim.pl\/index.php?rest_route=%2Fwp%2Fv2%2Fproduct_cat&post=2172"},{"taxonomy":"product_tag","embeddable":true,"href":"https:\/\/kartyesim.pl\/index.php?rest_route=%2Fwp%2Fv2%2Fproduct_tag&post=2172"}],"curies":[{"name":"wp","href":"https:\/\/api.w.org\/{rel}","templated":true}]}}