{"id":2178,"date":"2024-06-24T15:06:39","date_gmt":"2024-06-24T14:06:39","guid":{"rendered":"https:\/\/kartyesim.pl\/?post_type=product&#038;p=2178"},"modified":"2024-06-27T21:46:43","modified_gmt":"2024-06-27T20:46:43","slug":"azja-30-obszarow","status":"publish","type":"product","link":"https:\/\/kartyesim.pl\/?product=azja-30-obszarow","title":{"rendered":"Azja (30+ obszar\u00f3w)"},"content":{"rendered":"<p>eSIM z pakietem internetowym, bez mo\u017cliwo\u015bci odbierania SMS-\u00f3w ani wykonywania po\u0142\u0105cze\u0144 telefonicznych. Nale\u017cy wykorzysta\u0107 eSIM w ci\u0105gu 30 dni od zakupu. Pr\u0119dko\u015b\u0107 transferu 4G \/ LTE zale\u017cy od zasi\u0119gu operatora. Product of AIS. Cannot be transferred.<\/p>\n","protected":false},"excerpt":{"rendered":"<ul>\n<li>eSIM z internetem mobilnym<\/li>\n<li>Dzia\u0142a na wszystkich odblokowanych urz\u0105dzeniach obs\u0142uguj\u0105cych eSIM.<\/li>\n<li>eSIM jest wysy\u0142any natychmiast po op\u0142aceniu zam\u00f3wienia. Kod QR wysy\u0142amy na podany e-mail.<\/li>\n<li>Mo\u017cesz udost\u0119pnia\u0107 hotspot innym urz\u0105dzeniom<\/li>\n<li>Szybki internet, brak ogranicze\u0144 pr\u0119dko\u015bci internetowej, karty z wysokim priorytetem na BTS&#8217;ach.<\/li>\n<\/ul>\n","protected":false},"featured_media":109,"template":"","meta":[],"product_brand":[],"product_cat":[22],"product_tag":[27],"class_list":{"0":"post-2178","1":"product","2":"type-product","3":"status-publish","4":"has-post-thumbnail","6":"product_cat-regional","7":"product_tag-asia","9":"first","10":"outofstock","11":"sold-individually","12":"shipping-taxable","13":"product-type-variable"},"_links":{"self":[{"href":"https:\/\/kartyesim.pl\/index.php?rest_route=\/wp\/v2\/product\/2178","targetHints":{"allow":["GET"]}}],"collection":[{"href":"https:\/\/kartyesim.pl\/index.php?rest_route=\/wp\/v2\/product"}],"about":[{"href":"https:\/\/kartyesim.pl\/index.php?rest_route=\/wp\/v2\/types\/product"}],"wp:featuredmedia":[{"embeddable":true,"href":"https:\/\/kartyesim.pl\/index.php?rest_route=\/wp\/v2\/media\/109"}],"wp:attachment":[{"href":"https:\/\/kartyesim.pl\/index.php?rest_route=%2Fwp%2Fv2%2Fmedia&parent=2178"}],"wp:term":[{"taxonomy":"product_brand","embeddable":true,"href":"https:\/\/kartyesim.pl\/index.php?rest_route=%2Fwp%2Fv2%2Fproduct_brand&post=2178"},{"taxonomy":"product_cat","embeddable":true,"href":"https:\/\/kartyesim.pl\/index.php?rest_route=%2Fwp%2Fv2%2Fproduct_cat&post=2178"},{"taxonomy":"product_tag","embeddable":true,"href":"https:\/\/kartyesim.pl\/index.php?rest_route=%2Fwp%2Fv2%2Fproduct_tag&post=2178"}],"curies":[{"name":"wp","href":"https:\/\/api.w.org\/{rel}","templated":true}]}}