{"id":2202,"date":"2024-06-24T15:06:47","date_gmt":"2024-06-24T14:06:47","guid":{"rendered":"https:\/\/kartyesim.pl\/?post_type=product&#038;p=2202"},"modified":"2024-06-27T21:46:34","modified_gmt":"2024-06-27T20:46:34","slug":"chiny-kontynentalne-hongkong-makau","status":"publish","type":"product","link":"https:\/\/kartyesim.pl\/?product=chiny-kontynentalne-hongkong-makau","title":{"rendered":"Chiny (Kontynentalne, Hongkong, Makau)"},"content":{"rendered":"<p>eSIM z pakietem internetowym, bez mo\u017cliwo\u015bci odbierania SMS-\u00f3w ani wykonywania po\u0142\u0105cze\u0144 telefonicznych.<\/p>\n<p>Pr\u0119dko\u015b\u0107 transferu 4G \/ LTE zale\u017cy od zasi\u0119gu operatora.<br \/>Hotspot: TAK<br \/>Sie\u0107: China Unicom 4G CSL 4G CTM 4G<br \/>Szybki internet, brak ogranicze\u0144 pr\u0119dko\u015bci internetowej, karty z wysokim priorytetem na BTS\u2019ach.<br \/>Profil eSIM mo\u017cna zainstalowa\u0107 tylko na jednym urz\u0105dzeniu i nie mo\u017cna go przenie\u015b\u0107 na inne.<br \/>Dobry zasi\u0119g w ca\u0142ym rejonie, szczeg\u00f3lnie:<\/p>\n","protected":false},"excerpt":{"rendered":"<ul>eSIM z internetem mobilnym. Dzia\u0142a na wszystkich odblokowanych urz\u0105dzeniach obs\u0142uguj\u0105cych eSIM. eSIM jest wysy\u0142any natychmiast po op\u0142aceniu zam\u00f3wienia. Kod QR wysy\u0142amy na podany e-mail.<\/ul>\n","protected":false},"featured_media":2994,"template":"","meta":[],"product_brand":[],"product_cat":[20],"product_tag":[53],"class_list":{"0":"post-2202","1":"product","2":"type-product","3":"status-publish","4":"has-post-thumbnail","6":"product_cat-single","7":"product_tag-china","9":"first","10":"instock","11":"featured","12":"sold-individually","13":"shipping-taxable","14":"purchasable","15":"product-type-variable"},"_links":{"self":[{"href":"https:\/\/kartyesim.pl\/index.php?rest_route=\/wp\/v2\/product\/2202","targetHints":{"allow":["GET"]}}],"collection":[{"href":"https:\/\/kartyesim.pl\/index.php?rest_route=\/wp\/v2\/product"}],"about":[{"href":"https:\/\/kartyesim.pl\/index.php?rest_route=\/wp\/v2\/types\/product"}],"wp:featuredmedia":[{"embeddable":true,"href":"https:\/\/kartyesim.pl\/index.php?rest_route=\/wp\/v2\/media\/2994"}],"wp:attachment":[{"href":"https:\/\/kartyesim.pl\/index.php?rest_route=%2Fwp%2Fv2%2Fmedia&parent=2202"}],"wp:term":[{"taxonomy":"product_brand","embeddable":true,"href":"https:\/\/kartyesim.pl\/index.php?rest_route=%2Fwp%2Fv2%2Fproduct_brand&post=2202"},{"taxonomy":"product_cat","embeddable":true,"href":"https:\/\/kartyesim.pl\/index.php?rest_route=%2Fwp%2Fv2%2Fproduct_cat&post=2202"},{"taxonomy":"product_tag","embeddable":true,"href":"https:\/\/kartyesim.pl\/index.php?rest_route=%2Fwp%2Fv2%2Fproduct_tag&post=2202"}],"curies":[{"name":"wp","href":"https:\/\/api.w.org\/{rel}","templated":true}]}}