{"id":2273,"date":"2024-06-24T15:07:02","date_gmt":"2024-06-24T14:07:02","guid":{"rendered":"https:\/\/kartyesim.pl\/?post_type=product&#038;p=2273"},"modified":"2024-07-04T15:54:19","modified_gmt":"2024-07-04T14:54:19","slug":"ameryka-polnocna-3-obszary","status":"publish","type":"product","link":"https:\/\/kartyesim.pl\/?product=ameryka-polnocna-3-obszary","title":{"rendered":"Ameryka P\u00f3\u0142nocna (3 obszary)"},"content":{"rendered":"<p>eSIM z pakietem internetowym, bez mo\u017cliwo\u015bci odbierania SMS-\u00f3w ani wykonywania po\u0142\u0105cze\u0144 telefonicznych. <\/p>\n<p><\/p>\n<p>Nale\u017cy wykorzysta\u0107 eSIM w ci\u0105gu 180 dni od zakupu. <\/p>\n<p><\/p>\n<p>Pr\u0119dko\u015b\u0107 transferu 4G \/ LTE \/ 5G zale\u017cy od zasi\u0119gu operatora. <\/p>\n<p>Hotspot: TAK<br \/>Kanada:<br \/>Rogers Wireless <span style=\"font-family: var(--wp--preset--font-family--system-font)\">LTE \/ 4G \/ 5G <\/span><br \/><span style=\", Arial;font-size: 14px\">Videotron<\/span>\u00a0LTE \/ 4G<\/p>\n<p>USA: <br \/>AT&amp;T <span style=\"font-family: var(--wp--preset--font-family--system-font)\"><span style=\"font-family: var(--wp--preset--font-family--system-font)\">LTE \/ 4G \/ 5G <\/span> <\/span><br \/>Verizon <span style=\"font-family: var(--wp--preset--font-family--system-font)\"><span style=\"font-family: var(--wp--preset--font-family--system-font)\">LTE \/ 4G \/ 5G <\/span><\/span><\/p>\n<p>Meksyk: <br \/>AT&amp;T: <span style=\"font-family: var(--wp--preset--font-family--system-font)\">LTE \/ 4G \/ 5G <\/span><br \/>Movistar:<span style=\"font-family: var(--wp--preset--font-family--system-font)\"> LTE \/ 4G <\/span><\/p>\n<p>Szybki internet, brak ogranicze\u0144 pr\u0119dko\u015bci internetowej, karty z wysokim priorytetem na BTS&#8217;ach.<\/p>\n<p>Profil eSIM mo\u017cna zainstalowa\u0107 tylko na jednym urz\u0105dzeniu i nie mo\u017cna go przenie\u015b\u0107 na inne. <\/p>\n","protected":false},"excerpt":{"rendered":"<p>eSIM z internetem mobilnym.  <br \/>Dzia\u0142a na wszystkich odblokowanych urz\u0105dzeniach obs\u0142uguj\u0105cych eSIM.<br \/>eSIM jest wysy\u0142any natychmiast po op\u0142aceniu zam\u00f3wienia. Kod QR wysy\u0142amy na podany e-mail.<\/p>\n","protected":false},"featured_media":2991,"template":"","meta":[],"product_brand":[],"product_cat":[22],"product_tag":[42,201,200,123,188,187],"class_list":{"0":"post-2273","1":"product","2":"type-product","3":"status-publish","4":"has-post-thumbnail","6":"product_cat-regional","7":"product_tag-canada","8":"product_tag-kanada","9":"product_tag-meksysk","10":"product_tag-north-america","11":"product_tag-stany-zjednoczone","12":"product_tag-usa","14":"first","15":"instock","16":"sold-individually","17":"shipping-taxable","18":"purchasable","19":"product-type-variable"},"_links":{"self":[{"href":"https:\/\/kartyesim.pl\/index.php?rest_route=\/wp\/v2\/product\/2273","targetHints":{"allow":["GET"]}}],"collection":[{"href":"https:\/\/kartyesim.pl\/index.php?rest_route=\/wp\/v2\/product"}],"about":[{"href":"https:\/\/kartyesim.pl\/index.php?rest_route=\/wp\/v2\/types\/product"}],"wp:featuredmedia":[{"embeddable":true,"href":"https:\/\/kartyesim.pl\/index.php?rest_route=\/wp\/v2\/media\/2991"}],"wp:attachment":[{"href":"https:\/\/kartyesim.pl\/index.php?rest_route=%2Fwp%2Fv2%2Fmedia&parent=2273"}],"wp:term":[{"taxonomy":"product_brand","embeddable":true,"href":"https:\/\/kartyesim.pl\/index.php?rest_route=%2Fwp%2Fv2%2Fproduct_brand&post=2273"},{"taxonomy":"product_cat","embeddable":true,"href":"https:\/\/kartyesim.pl\/index.php?rest_route=%2Fwp%2Fv2%2Fproduct_cat&post=2273"},{"taxonomy":"product_tag","embeddable":true,"href":"https:\/\/kartyesim.pl\/index.php?rest_route=%2Fwp%2Fv2%2Fproduct_tag&post=2273"}],"curies":[{"name":"wp","href":"https:\/\/api.w.org\/{rel}","templated":true}]}}