{"id":2309,"date":"2024-06-24T15:07:10","date_gmt":"2024-06-24T14:07:10","guid":{"rendered":"https:\/\/kartyesim.pl\/?post_type=product&#038;p=2309"},"modified":"2024-06-30T18:01:26","modified_gmt":"2024-06-30T17:01:26","slug":"turcja","status":"publish","type":"product","link":"https:\/\/kartyesim.pl\/?product=turcja","title":{"rendered":"Turcja"},"content":{"rendered":"<p>eSIM z pakietem internetowym, bez mo\u017cliwo\u015bci odbierania SMS-\u00f3w ani wykonywania po\u0142\u0105cze\u0144 telefonicznych.<br \/>Nale\u017cy wykorzysta\u0107 eSIM w ci\u0105gu 180 dni od zakupu.<br \/>Pr\u0119dko\u015b\u0107 transferu 4G \/ 5G zale\u017cy od zasi\u0119gu operatora.<br \/>Hotspot: TAK<br \/>Sie\u0107: Avea  4G\/ 5G, Turkcell 4G\/5G<br \/>Szybki internet, brak ogranicze\u0144 pr\u0119dko\u015bci internetowej, karty z wysokim priorytetem na BTS\u2019ach.<br \/>Profil eSIM mo\u017cna zainstalowa\u0107 tylko na jednym urz\u0105dzeniu i nie mo\u017cna go przenie\u015b\u0107 na inne.<br \/>Dobry zasi\u0119g w ca\u0142ym rejonie, szczeg\u00f3lnie<span style=\"font-family: var(--wp--preset--font-family--system-font)\">:<\/span><span style=\"font-family: var(--wp--preset--font-family--system-font)\"> Stambu\u0142, Antalya, Alanya, Kapadocja, Efez, Pamukkale, Bodrum, Fethiye, Marmaris<\/span><\/p>\n","protected":false},"excerpt":{"rendered":"<ul>eSIM z internetem mobilnym. Dzia\u0142a na wszystkich odblokowanych urz\u0105dzeniach obs\u0142uguj\u0105cych eSIM. eSIM jest wysy\u0142any natychmiast po op\u0142aceniu zam\u00f3wienia. Kod QR wysy\u0142amy na podany e-mail.<\/ul>\n","protected":false},"featured_media":1346,"template":"","meta":[],"product_brand":[],"product_cat":[20],"product_tag":[159],"class_list":{"0":"post-2309","1":"product","2":"type-product","3":"status-publish","4":"has-post-thumbnail","6":"product_cat-single","7":"product_tag-turkey","9":"first","10":"instock","11":"sold-individually","12":"shipping-taxable","13":"purchasable","14":"product-type-variable"},"_links":{"self":[{"href":"https:\/\/kartyesim.pl\/index.php?rest_route=\/wp\/v2\/product\/2309","targetHints":{"allow":["GET"]}}],"collection":[{"href":"https:\/\/kartyesim.pl\/index.php?rest_route=\/wp\/v2\/product"}],"about":[{"href":"https:\/\/kartyesim.pl\/index.php?rest_route=\/wp\/v2\/types\/product"}],"wp:featuredmedia":[{"embeddable":true,"href":"https:\/\/kartyesim.pl\/index.php?rest_route=\/wp\/v2\/media\/1346"}],"wp:attachment":[{"href":"https:\/\/kartyesim.pl\/index.php?rest_route=%2Fwp%2Fv2%2Fmedia&parent=2309"}],"wp:term":[{"taxonomy":"product_brand","embeddable":true,"href":"https:\/\/kartyesim.pl\/index.php?rest_route=%2Fwp%2Fv2%2Fproduct_brand&post=2309"},{"taxonomy":"product_cat","embeddable":true,"href":"https:\/\/kartyesim.pl\/index.php?rest_route=%2Fwp%2Fv2%2Fproduct_cat&post=2309"},{"taxonomy":"product_tag","embeddable":true,"href":"https:\/\/kartyesim.pl\/index.php?rest_route=%2Fwp%2Fv2%2Fproduct_tag&post=2309"}],"curies":[{"name":"wp","href":"https:\/\/api.w.org\/{rel}","templated":true}]}}