{"id":3088,"date":"2024-07-01T14:21:46","date_gmt":"2024-07-01T13:21:46","guid":{"rendered":"https:\/\/kartyesim.pl\/?post_type=product&#038;p=3088"},"modified":"2024-08-02T18:05:39","modified_gmt":"2024-08-02T17:05:39","slug":"europa-40-obszarow","status":"publish","type":"product","link":"https:\/\/kartyesim.pl\/?product=europa-40-obszarow","title":{"rendered":"Europa 40+ obszar\u00f3w"},"content":{"rendered":"\n<p>eSIM z pakietem internetowym, bez mo\u017cliwo\u015bci odbierania SMS-\u00f3w ani wykonywania po\u0142\u0105cze\u0144 telefonicznych.<\/p>\n\n\n\n<p>Nale\u017cy wykorzysta\u0107 eSIM w ci\u0105gu 180 dni od zakupu.<\/p>\n\n\n\n<p>Pr\u0119dko\u015b\u0107 transferu 4G \/ LTE zale\u017cy od zasi\u0119gu operatora.<\/p>\n\n\n\n<p>eSim dziala w wszystkich wyszczeg\u00f3lnionych krajach:<\/p>\n\n\n\n<p><\/p>\n\n\n\n<p>Kraj\/ Operator\/ maksymalna pr\u0119dko\u015b\u0107<br>Austria Three 5G<br>Belgia Base 5G<br>Belgia Orange 5G<br>Belgia Proximus 5G<br>Bu\u0142garia A1 4G<br>Bu\u0142garia Telenor 4G<br>Bu\u0142garia Vivacom 5G<br>Chorwacja Tele2 5G<br>Chorwacja A1 5G<br>Cypr Vodafone 5G<br>Cypr PrimeTel 4G<br>Cypr Epic 5G<br>Czechy Vodafone 5G<br>Czechy O2 5G<br>Dania Telenor 4G<br>Dania Three 5G<br>Dania Telia 5G<br>Dania TDC 5G<br>Estonia Telia 5G<br>Estonia Tele2 4G<br>Estonia Elisa 5G<br>Finlandia DNA 4G<br>Finlandia \u00c5lcom 5G<br>Finlandia Elisa 5G<br>Finlandia Telia 5G<br>Finlandia Telia \/ DNA 5G<br>Francja Orange 5G<br>Francja SFR 5G<br>Francja Bouygues 5G<br>Francja Free Mobile 5G<br>Niemcy Vodafone 5G<br>Niemcy O2 5G<br>Grecja Vodafone 5G<br>Grecja Wind 5G<br>Hongkong (Chiny) Three 5G<br>Hongkong (Chiny) SmarTone 5G<br>Hongkong (Chiny) csl 5G<br>W\u0119gry Telenor Hungary 5G<br>W\u0119gry Vodafone 4G<br>Islandia Nova 5G<br>Islandia S\u00edminn 5G<br>Irlandia Vodafone 5G<br>Irlandia Three 5G<br>Irlandia Eir 5G<br>Izrael Partner 5G<br>Izrael Hot Mobile 5G<br>Izrael Pelephone 5G<br>W\u0142ochy Iliad 5G<br>W\u0142ochy Vodafone 5G<br>W\u0142ochy Wind 5G<br>\u0141otwa Tele2 5G<br>\u0141otwa LMT 5G<br>\u0141otwa Bite 4G<br>Litwa Tele2 4G<br>Litwa BIT\u0116 4G<br>Litwa Telia 5G<br>Luksemburg POST 5G<br>Luksemburg Tango 5G<br>Luksemburg Orange 5G<br>Malta GO 5G<br>Malta Vodafone 5G<br>Malta Melita 5G<br>Holandia Vodafone 5G<br>Holandia KPN 5G<br>Polska Orange 5G<br>Polska Play 5G<br>Portugalia NOS 5G<br>Portugalia Vodafone 5G<br>Portugalia MEO 5G<br>Rumunia Vodafone 5G<br>Rumunia Orange 5G<br>Rumunia Digi.Mobil 5G<br>S\u0142owacja Orange 5G<br>S\u0142owacja O2 5G<br>S\u0142owenia Mobitel 5G<br>S\u0142owenia A1 4G<br>S\u0142owenia Telemach 5G<br>Hiszpania Vodafone 5G<br>Hiszpania Orange 5G<br>Hiszpania Movistar 5G<br>Hiszpania Yoigo 4G<br>Sri Lanka Mobitel 4G<br>Sri Lanka Etisalat 4G<br>Sri Lanka Dialog 4G<br>Sri Lanka Three 4G<br>Szwecja Telenor 4G<br>Szwecja Three 5G<br>Szwecja Tele2 5G<br>Szwecja Telia 5G<br>Szwecja Sweden 3G 5G<br>Szwajcaria Sunrise 5G<br>Szwajcaria Salt 5G<br>Turcja Avea 5G<br>Turcja Turkcell 5G<br>Ukraina lifecell 4G<br>Ukraina Kyivstar 4G<br>Wielka Brytania O2 5G<br>Wielka Brytania Three 5G<br>Wielka Brytania JT 4G<br>Wielka Brytania T-Mobile 4G<br>Wielka Brytania Pronto GSM 4G<br>Wielka Brytania Vodafone 5G<br>Wietnam MobiFone 4G<br>Wietnam Vietnamobile 4G<br>Wietnam Viettel Mobile 5G<br>Wyspy Alandzkie AMT 5G<br>Indonezja Three 5G<br>Indonezja Indosat Ooredoo 5G<br>Indonezja Telkomsel 5G<br>Makau (Chiny) Three 4G<br>Stany Zjednoczone AT&amp;T 5G<br>Stany Zjednoczone Verizon 5G<br>Wyspa Man Pronto GSM 4G<br>Nowa Zelandia Vodafone 5G<br>Nowa Zelandia 2degrees 4G<br>Nowa Zelandia Spark 4G<br>Singapur StarHub 5G<br>Singapur SingTel 4G<br>Tajwan (Chiny) Chunghwa 5G<br>Tajwan (Chiny) Taiwan Mobile 5G<br>Tajwan (Chiny) T Star 5G<br>Jersey<br>Rosja Beeline 4G<br>Australia Optus 5G<br>Australia Telstra 4G<br>Bangladesz Banglalink 4G<br>Bangladesz Grameenphone 4G<br>Bangladesz Robi 3G<br>Kanada Rogers Wireless 5G<br>Kanada Videotron 4G<br>Chiny kontynentalne China Mobile 5G<br>Chiny kontynentalne China Unicom 5G<br>Guernsey JT 4G<br>Jordania Zain 4G<br>Jordania Umniah 4G<br>Kazachstan Tele2.kz 5G<br>Kazachstan Beeline 4G<br>Korea Po\u0142udniowa olleh 5G<br>Korea Po\u0142udniowa SKT 5G<br>Kuwejt Zain 5G<br>Kuwejt K.S.C Ooredoo 5G<br>Kirgistan Beeline 4G<br>Kirgistan MegaCom 3G<br>Liechtenstein FL1 5G<br>Liechtenstein 7acht 5G<br>Macedonia P\u00f3\u0142nocna vip 4G<br>Malezja Maxis 4G<br>Malezja U Mobile 4G<br>Malezja DiGi 5G<br>Meksyk AT&amp;T 5G<br>Meksyk Movistar 4G<br>Norwegia Telenor 4G<br>Norwegia Telia 5G<br>Oman Omantel 5G<br>Oman ooredoo 5G<br>Pakistan Jazz 4G<br>Pakistan Telenor 3G<br>Katar ooredoo 5G<br>Reunion Orange 4G<br>Arabia Saudyjska Mobily 5G<br>Arabia Saudyjska Zain 5G<br>Serbia VIP 4G<br>Serbia Telenor 4G<br>Serbia MTS 3G<br>Tajlandia TrueMove H 5G<br>Tajlandia CAT 4G<br>Tajlandia DTAC 5G<br>Tajlandia AIS 5G<br>Uzbekistan Beeline 4G<br>Gibraltar GibTel 5G<br>Armenia Beeline 4G<br>Armenia MTS 3G<br>Madagaskar Airtel 4G<br>Malawi Airtel 4G<br>Argentyna Personal 3G<br>Argentyna Movistar 4G<br>Azerbejd\u017can Azercell 4G<br>Azerbejd\u017can Bakcell 5G<br>Boliwia Tigo 4G<br>Botswana Mascom 3G<br>Botswana Orange 4G<br>Brazylia TIM 5G<br>Brazylia Vivo 4G<br>Brunei Darussalam DST 3G<br>Burkina Faso Orange 3G<br>Czad Airtel 4G<br>Chile entel 4G<br>Chile movistar 4G<br>Kolumbia Tigo 4G<br>Kolumbia movistar 4G<br>Kongo Airtel 4G<br>Demokratyczna Republika Konga Airtel 4G<br>Demokratyczna Republika Konga Orange 4G<br>Kostaryka movistar 4G<br>Wybrze\u017ce Ko\u015bci S\u0142oniowej Orange 4G<br>Ekwador Movistar 4G<br>Egipt Orange 4G<br>Egipt Etisalat 4G<br>Salwador Digicel 4G<br>Salwador Tigo 4G<br>Salwador movistar 3G<br>Francuskie Indie Zachodnie<br>Gabon Airtel 4G<br>Gruzja Beeline 4G<br>Gruzja Magti 4G<br>Ghana Vodafone 4G<br>Ghana Airtel 3G<br>Ghana MTN 4G<br>Grenlandia<br>Gwatemala Claro 5G<br>Gwatemala movistar 3G<br>Gwatemala Tigo 4G<br>Gwinea Bissau MTN Areeba 3G<br>Honduras Claro 3G<br>Kenia Airtel 5G<br>Kosowo IPKO 4G<br>Liberia Lonestar Cell MTN 4G<br>Liberia Orange 3G<br>Mali Orange 4G<br>Mo\u0142dawia Orange 4G<br>Mo\u0142dawia Unit\u00e9 4G<br>Monako Office des Telephones 5G<br>Czarnog\u00f3ra CG<br>Czarnog\u00f3ra Telenor 5G<br>Maroko IAM 4G<br>Maroko INWI 4G<br>Nikaragua movistar 4G<br>Niger Airtel 3G<br>Niger Orange 3G<br>Nigeria Airtel 4G<br>Nigeria MTN 5G<br>Panama Digicel 4G<br>Panama movistar 4G<br>Paragwaj Claro 4G<br>Paragwaj Tigo 4G<br>Peru Movistar 4G<br>Peru Entel 5G<br>Filipiny Globe 3G<br>Filipiny SMART 5G<br>Portoryko Claro 5G<br>Samoa<br>Senegal Orange 4G<br>Seszele Airtel 4G<br>Republika Po\u0142udniowej Afryki Telkom 3G<br>Republika Po\u0142udniowej Afryki MTN 5G<br>Republika Po\u0142udniowej Afryki Vodacom 4G<br>Sudan<br>Suazi Swazi MTN 4G<br>Suazi Swazi Mobile 3G<br>Tanzania Airtel 4G<br>Tunezja Orange 4G<br>Tunezja OOREDOO TN 4G<br>Uganda Airtel 4G<br>Uganda MTN 4G<br>Urugwaj Movistar 4G<br>Jemen<br>Zambia Airtel 4G<br>Zambia MTN 3G<br>Albania Telekom.al 4G<br>Albania Eagle Mobile 3G<br>Albania Vodafone 4G<br>Bahrajn Batelco 3G<br>Bahrajn Zain 5G<br>Bahrajn STC 5G<br>Bia\u0142oru\u015b<br>Bo\u015bnia i Hercegowina HT-ERONET 4G<br>Bo\u015bnia i Hercegowina BH Mobile 4G<br>Indie IDEA 4G<br>Indie AirTel 5G<br>Indie Vodafone 4G<br>Indie Jio 4G<br>Japonia NTT docomo 5G<br>Japonia SoftBank 5G<br>Japonia KDDI 5G<br>Algieria Djezzy 4G<br>Kambod\u017ca Metfone 4G<br>Kamerun MTN Cameroon 4G<br>Kamerun Orange 4G<br>Kiribati<br>Zjednoczone Emiraty Arabskie Etisalat 5G<\/p>\n","protected":false},"excerpt":{"rendered":"<ul>\n<ul>eSIM z pakietem internetowym, bez mo\u017cliwo\u015bci odbierania SMS-\u00f3w ani wykonywania po\u0142\u0105cze\u0144 telefonicznych.<\/ul>\n<\/ul>\n","protected":false},"featured_media":2996,"template":"","meta":[],"product_brand":[],"product_cat":[22],"product_tag":[198],"class_list":{"0":"post-3088","1":"product","2":"type-product","3":"status-publish","4":"has-post-thumbnail","6":"product_cat-regional","7":"product_tag-europa","9":"first","10":"instock","11":"sold-individually","12":"shipping-taxable","13":"purchasable","14":"product-type-variable"},"_links":{"self":[{"href":"https:\/\/kartyesim.pl\/index.php?rest_route=\/wp\/v2\/product\/3088","targetHints":{"allow":["GET"]}}],"collection":[{"href":"https:\/\/kartyesim.pl\/index.php?rest_route=\/wp\/v2\/product"}],"about":[{"href":"https:\/\/kartyesim.pl\/index.php?rest_route=\/wp\/v2\/types\/product"}],"wp:featuredmedia":[{"embeddable":true,"href":"https:\/\/kartyesim.pl\/index.php?rest_route=\/wp\/v2\/media\/2996"}],"wp:attachment":[{"href":"https:\/\/kartyesim.pl\/index.php?rest_route=%2Fwp%2Fv2%2Fmedia&parent=3088"}],"wp:term":[{"taxonomy":"product_brand","embeddable":true,"href":"https:\/\/kartyesim.pl\/index.php?rest_route=%2Fwp%2Fv2%2Fproduct_brand&post=3088"},{"taxonomy":"product_cat","embeddable":true,"href":"https:\/\/kartyesim.pl\/index.php?rest_route=%2Fwp%2Fv2%2Fproduct_cat&post=3088"},{"taxonomy":"product_tag","embeddable":true,"href":"https:\/\/kartyesim.pl\/index.php?rest_route=%2Fwp%2Fv2%2Fproduct_tag&post=3088"}],"curies":[{"name":"wp","href":"https:\/\/api.w.org\/{rel}","templated":true}]}}